{"id":7849,"date":"2019-10-02T13:10:47","date_gmt":"2019-10-02T11:10:47","guid":{"rendered":"https:\/\/novalim.net\/eshop1\/?post_type=product&#038;p=7849\/"},"modified":"2026-04-24T21:49:39","modified_gmt":"2026-04-24T19:49:39","slug":"bezglutenove-halusky-v-prasku","status":"publish","type":"product","link":"https:\/\/novalim.net\/eshop\/obchod\/bezglutenove-polotovary-polotovar\/bezglutenove-halusky-v-prasku\/","title":{"rendered":"Halu\u0161ky v pr\u00e1\u0161ku, bezglut\u00e9nov\u00e9"},"content":{"rendered":"<p>Bezglut\u00e9nov\u00e9 HALU\u0160KY v pr\u00e1\u0161ku- sypk\u00e1 zmes na pr\u00edpravu tradi\u010dn\u00fdch slovensk\u00fdch halu\u0161iek bez glut\u00e9nu je najnov\u0161\u00edm pr\u00edrastkom v rodine bezlepkov\u00fdch polotovarov Novalim. V\u010faka jednoduchej a r\u00fdchlej pr\u00edprave (sta\u010d\u00ed prida\u0165 vodu a zamie\u0161a\u0165) si uvar\u00edte bezlepkov\u00e9 halu\u0161ky doslova za p\u00e1r min\u00fat. Vhodn\u00e9 na pr\u00edpravu bezlepkov\u00fdch bryndzov\u00fdch halu\u0161iek, strapa\u010diek s kapustou, halu\u0161iek ako pr\u00edlohy k m\u00e4su na \u0161\u0165ave alebo na pr\u00edpravu z\u00e1variek do polievky. T\u00e1to bezglut\u00e9nov\u00e1 zmes je vyroben\u00e1\u00a0<strong>z prirodzene bezlepkov\u00fdch\u00a0<\/strong> a bezp\u0161eni\u010dn\u00fdch surov\u00edn.<\/p>\n<p><strong>Pr\u00edprava:<\/strong><br \/>\nVo vhodnej miske vymie\u0161ame obsah vrecka so 4,5 dl studenej vody na homog\u00e9nne red\u0161ie cesto (asi 1 min.). Nech\u00e1me odst\u00e1\u0165 4-5 min\u00fat a potom zhustnut\u00e9 cesto vare\u0161kou alebo ru\u010dn\u00fdm mix\u00e9rom \u0161\u013eah\u00e1me asi 2 min\u00faty. Halu\u0161ky h\u00e1d\u017eeme do vriacej, mierne osolenej vody a po vypl\u00e1van\u00ed na povrch var\u00edme e\u0161te pod\u013ea ve\u013ekosti 1-2 min\u00faty. Sced\u00edme, ochut\u00edme a ihne\u010f pod\u00e1vame. Ak rob\u00edme halu\u0161ky do z\u00e1soby, opl\u00e1chneme studenou vodou.<\/p>\n<p><strong>Inform\u00e1cie o v\u00fdrobku:<\/strong><\/p>\n<p>Zlo\u017eenie: kukuri\u010dn\u00fd \u0161krob, ry\u017eov\u00e1 m\u00faka, zemiakov\u00e1 m\u00faka, zemiakov\u00e9 vlo\u010dky, poh\u00e1nkov\u00e1 m\u00faka, hrachov\u00e1 bielkovina, rastlinn\u00e1 vl\u00e1knina (jablkov\u00e1, psyllium, citrusov\u00e1), zahus\u0165ovadlo: hydroxypropylmetylcelul\u00f3za, dextr\u00f3za, miner\u00e1lny komplex z morsk\u00fdch rias, jedl\u00e1 so\u013e.<\/p>\n<p>100 g v\u00fdrobku priemerne obsahuje:<br \/>\n<strong>Energetick\u00e1 hodnota:<\/strong> 1508 kJ, 356 kcal; <strong>Tuky:<\/strong> 0,5 g z toho 0,06 g nas\u00fdten\u00e9 mastn\u00e9 kyseliny; <strong>Sacharidy:<\/strong> 80,0 g z toho 2,2 g cukry; <strong>Vl\u00e1knina:<\/strong> 5,6 g; <strong>Bielkoviny:<\/strong> 5,0 g; <strong>So\u013e:<\/strong> 0,6 g; <strong>V\u00e1pnik:<\/strong> 95 mg\/12 %*; <strong>Hor\u010d\u00edk:<\/strong> 5 mg\/1 %*<br \/>\n* Percento refen\u010dn\u00e9ho pr\u00edjmu priemern\u00e9ho dospel\u00e9ho (8400 kJ\/ 2000 kcal)<br \/>\nGluten &lt; 20 mg\/kg<\/p>\n<p>Hmotnos\u0165 balenia: 300 g;<\/p>\n<p>&nbsp;<\/p>\n","protected":false},"excerpt":{"rendered":"<p>Bezglut\u00e9nov\u00e9 HALU\u0160KY v pr\u00e1\u0161ku- sypk\u00e1 zmes na pr\u00edpravu tradi\u010dn\u00fdch slovensk\u00fdch halu\u0161iek bez glut\u00e9nu je najnov\u0161\u00edm pr\u00edrastkom v rodine bezlepkov\u00fdch polotovarov. V\u010faka jednoduchej a r\u00fdchlej pr\u00edprave (sta\u010d\u00ed prida\u0165 vodu a zamie\u0161a\u0165) si uvar\u00edte bezlepkov\u00e9 halu\u0161ky doslova za p\u00e1r min\u00fat. Vhodn\u00e9 na pr\u00edpravu bezlepkov\u00fdch bryndzov\u00fdch halu\u0161iek, strapa\u010diek s kapustou, halu\u0161iek ako pr\u00edlohy k m\u00e4su na \u0161\u0165ave alebo na pr\u00edpravu z\u00e1variek do polievky. T\u00e1to bezglut\u00e9nov\u00e1 zmes je vyroben\u00e1 <strong>z prirodzene bezlepkov\u00fdch<\/strong> a bezp\u0161eni\u010dn\u00fdch surov\u00edn.<\/p>\n<p>Balenia: 300 g;<\/p>\n","protected":false},"featured_media":7850,"comment_status":"closed","ping_status":"closed","template":"","meta":{"site-sidebar-layout":"default","site-content-layout":"","ast-site-content-layout":"","site-content-style":"default","site-sidebar-style":"default","ast-global-header-display":"","ast-banner-title-visibility":"","ast-main-header-display":"","ast-hfb-above-header-display":"","ast-hfb-below-header-display":"","ast-hfb-mobile-header-display":"","site-post-title":"","ast-breadcrumbs-content":"","ast-featured-img":"","footer-sml-layout":"","theme-transparent-header-meta":"","adv-header-id-meta":"","stick-header-meta":"","header-above-stick-meta":"","header-main-stick-meta":"","header-below-stick-meta":"","astra-migrate-meta-layouts":"default","ast-page-background-enabled":"default","ast-page-background-meta":{"desktop":{"background-color":"var(--ast-global-color-4)","background-image":"","background-repeat":"repeat","background-position":"center center","background-size":"auto","background-attachment":"scroll","background-type":"","background-media":"","overlay-type":"","overlay-color":"","overlay-opacity":"","overlay-gradient":""},"tablet":{"background-color":"","background-image":"","background-repeat":"repeat","background-position":"center center","background-size":"auto","background-attachment":"scroll","background-type":"","background-media":"","overlay-type":"","overlay-color":"","overlay-opacity":"","overlay-gradient":""},"mobile":{"background-color":"","background-image":"","background-repeat":"repeat","background-position":"center center","background-size":"auto","background-attachment":"scroll","background-type":"","background-media":"","overlay-type":"","overlay-color":"","overlay-opacity":"","overlay-gradient":""}},"ast-content-background-meta":{"desktop":{"background-color":"var(--ast-global-color-5)","background-image":"","background-repeat":"repeat","background-position":"center center","background-size":"auto","background-attachment":"scroll","background-type":"","background-media":"","overlay-type":"","overlay-color":"","overlay-opacity":"","overlay-gradient":""},"tablet":{"background-color":"var(--ast-global-color-5)","background-image":"","background-repeat":"repeat","background-position":"center center","background-size":"auto","background-attachment":"scroll","background-type":"","background-media":"","overlay-type":"","overlay-color":"","overlay-opacity":"","overlay-gradient":""},"mobile":{"background-color":"var(--ast-global-color-5)","background-image":"","background-repeat":"repeat","background-position":"center center","background-size":"auto","background-attachment":"scroll","background-type":"","background-media":"","overlay-type":"","overlay-color":"","overlay-opacity":"","overlay-gradient":""}}},"product_brand":[],"product_cat":[228],"product_tag":[],"class_list":{"0":"post-7849","1":"product","2":"type-product","3":"status-publish","4":"has-post-thumbnail","6":"product_cat-bezglutenove-polotovary-polotovar","7":"desktop-align-left","8":"tablet-align-left","9":"mobile-align-left","11":"first","12":"instock","13":"featured","14":"taxable","15":"shipping-taxable","16":"purchasable","17":"product-type-simple"},"jetpack_sharing_enabled":true,"_links":{"self":[{"href":"https:\/\/novalim.net\/eshop\/wp-json\/wp\/v2\/product\/7849","targetHints":{"allow":["GET"]}}],"collection":[{"href":"https:\/\/novalim.net\/eshop\/wp-json\/wp\/v2\/product"}],"about":[{"href":"https:\/\/novalim.net\/eshop\/wp-json\/wp\/v2\/types\/product"}],"replies":[{"embeddable":true,"href":"https:\/\/novalim.net\/eshop\/wp-json\/wp\/v2\/comments?post=7849"}],"wp:featuredmedia":[{"embeddable":true,"href":"https:\/\/novalim.net\/eshop\/wp-json\/wp\/v2\/media\/7850"}],"wp:attachment":[{"href":"https:\/\/novalim.net\/eshop\/wp-json\/wp\/v2\/media?parent=7849"}],"wp:term":[{"taxonomy":"product_brand","embeddable":true,"href":"https:\/\/novalim.net\/eshop\/wp-json\/wp\/v2\/product_brand?post=7849"},{"taxonomy":"product_cat","embeddable":true,"href":"https:\/\/novalim.net\/eshop\/wp-json\/wp\/v2\/product_cat?post=7849"},{"taxonomy":"product_tag","embeddable":true,"href":"https:\/\/novalim.net\/eshop\/wp-json\/wp\/v2\/product_tag?post=7849"}],"curies":[{"name":"wp","href":"https:\/\/api.w.org\/{rel}","templated":true}]}}