{"id":6728,"date":"2018-08-30T11:28:56","date_gmt":"2018-08-30T09:28:56","guid":{"rendered":"https:\/\/novalim.net\/eshop1\/?post_type=product&#038;p=6728\/"},"modified":"2026-01-28T07:45:27","modified_gmt":"2026-01-28T05:45:27","slug":"mariela-bezglutenove-cajove-keksy","status":"publish","type":"product","link":"https:\/\/novalim.net\/eshop\/obchod\/keksy-muesli-sneky\/mariela-bezglutenove-cajove-keksy\/","title":{"rendered":"MARIELA &#8211;  bezglut\u00e9nov\u00e9 \u010dajov\u00e9 keksy"},"content":{"rendered":"<p>Mariela &#8211; bezglut\u00e9nov\u00e9 \u010dajov\u00e9 keksy<\/p>\n<p>S MINER\u00c1LNYM KOMPLEXOM z morsk\u00fdch rias \u2013 bioakt\u00edvny v\u00e1pnik a hor\u010d\u00edk a \u010fal\u0161\u00edch 72 stopov\u00fdch prvkov + AMARANT, AN\u00cdZ A FENYKEL<\/p>\n<p>ZLO\u017dENIE: kukuri\u010dn\u00fd \u0161krob, cukor, ry\u017eov\u00e1 m\u00faka, rastlinn\u00fd tuk \u010diasto\u010dne stu\u017een\u00fd (repkov\u00fd, palmov\u00fd), kukuri\u010dn\u00e1 m\u00faka, amarantov\u00e1 m\u00faka, gluk\u00f3zo-frukt\u00f3zov\u00fd sirup, su\u0161en\u00e1 <strong>vaje\u010dn\u00e1 zmes<\/strong>, <strong>m\u00faka z vl\u010dieho b\u00f4bu<\/strong>, ry\u017eov\u00fd \u0161krob, <strong>\u010derstv\u00e9 vajcia<\/strong>, miner\u00e1lny komplex z morsk\u00fdch rias, med, kypridlo: hydrog\u00e9nuhli\u010ditan sodn\u00fd, emulg\u00e1tor: lecit\u00edn (slne\u010dnicov\u00fd), vanil\u00ednov\u00fd cukor, jedl\u00e1 so\u013e, an\u00edz drven\u00fd, fenykel drven\u00fd.<\/p>\n<p>Bez lepku, lakt\u00f3zy a s\u00f3je.<\/p>\n<p>Hmotnos\u0165 : 140 g<\/p>\n<p>100 g v\u00fdrobku priemerne obsahuje:<br \/>\n<strong>Energetick\u00e1 hodnota:<\/strong> 1958 kJ, 466 kcal;<strong> Tuky:<\/strong> 17,3 g z toho 7,1 g nas\u00fdten\u00e9 mastn\u00e9 kyseliny; <strong>Sacharidy:<\/strong>\u00a071,5 g z toho 18,6 g cukry;\u00a0 <strong>Vl\u00e1knina:<\/strong> 1,7 g; <strong>Bielkoviny:<\/strong> 5,2 g; <strong>So\u013e:<\/strong> 0,15 g; <strong>V\u00e1pnik:<\/strong> 180 mg, <strong>Hor\u010d\u00edk:<\/strong> 12 mg;<\/p>\n<p>Potravina ur\u010den\u00e1 aj pre zvl\u00e1\u0161tnu v\u00fd\u017eivu, pre osoby s nezn\u00e1\u0161anlivos\u0165ou lepku. Vyroben\u00e9 z prirodzene bezglut\u00e9nov\u00fdch a bezp\u0161eni\u010dn\u00fdch surov\u00edn. M\u00f4\u017ee obsahova\u0165 stopy mlieka. Gluten &lt; 20 mg \/ kg<\/p>\n","protected":false},"excerpt":{"rendered":"<p>Mariela &#8211; bezglut\u00e9nov\u00e9 \u010dajov\u00e9 keksy<\/p>\n<p>S MINER\u00c1LNYM KOMPLEXOM z morsk\u00fdch rias \u2013 bioakt\u00edvny v\u00e1pnik a hor\u010d\u00edk a \u010fal\u0161\u00edch 72 stopov\u00fdch prvkov + AMARANT, AN\u00cdZ A FENYKEL<\/p>\n<p>Potravina ur\u010den\u00e1 aj pre zvl\u00e1\u0161tnu v\u00fd\u017eivu, pre osoby s nezn\u00e1\u0161anlivos\u0165ou lepku. Vyroben\u00e9 z prirodzene bezglut\u00e9nov\u00fdch a bezp\u0161eni\u010dn\u00fdch surov\u00edn.<\/p>\n<p>Bez lepku, lakt\u00f3zy a s\u00f3je.<\/p>\n","protected":false},"featured_media":11493,"comment_status":"closed","ping_status":"closed","template":"","meta":{"site-sidebar-layout":"default","site-content-layout":"","ast-site-content-layout":"default","site-content-style":"default","site-sidebar-style":"default","ast-global-header-display":"","ast-banner-title-visibility":"","ast-main-header-display":"","ast-hfb-above-header-display":"","ast-hfb-below-header-display":"","ast-hfb-mobile-header-display":"","site-post-title":"","ast-breadcrumbs-content":"","ast-featured-img":"","footer-sml-layout":"","theme-transparent-header-meta":"default","adv-header-id-meta":"","stick-header-meta":"","header-above-stick-meta":"","header-main-stick-meta":"","header-below-stick-meta":"","astra-migrate-meta-layouts":"set","ast-page-background-enabled":"default","ast-page-background-meta":{"desktop":{"background-color":"var(--ast-global-color-4)","background-image":"","background-repeat":"repeat","background-position":"center center","background-size":"auto","background-attachment":"scroll","background-type":"","background-media":"","overlay-type":"","overlay-color":"","overlay-opacity":"","overlay-gradient":""},"tablet":{"background-color":"","background-image":"","background-repeat":"repeat","background-position":"center center","background-size":"auto","background-attachment":"scroll","background-type":"","background-media":"","overlay-type":"","overlay-color":"","overlay-opacity":"","overlay-gradient":""},"mobile":{"background-color":"","background-image":"","background-repeat":"repeat","background-position":"center center","background-size":"auto","background-attachment":"scroll","background-type":"","background-media":"","overlay-type":"","overlay-color":"","overlay-opacity":"","overlay-gradient":""}},"ast-content-background-meta":{"desktop":{"background-color":"var(--ast-global-color-5)","background-image":"","background-repeat":"repeat","background-position":"center center","background-size":"auto","background-attachment":"scroll","background-type":"","background-media":"","overlay-type":"","overlay-color":"","overlay-opacity":"","overlay-gradient":""},"tablet":{"background-color":"var(--ast-global-color-5)","background-image":"","background-repeat":"repeat","background-position":"center center","background-size":"auto","background-attachment":"scroll","background-type":"","background-media":"","overlay-type":"","overlay-color":"","overlay-opacity":"","overlay-gradient":""},"mobile":{"background-color":"var(--ast-global-color-5)","background-image":"","background-repeat":"repeat","background-position":"center center","background-size":"auto","background-attachment":"scroll","background-type":"","background-media":"","overlay-type":"","overlay-color":"","overlay-opacity":"","overlay-gradient":""}}},"product_brand":[],"product_cat":[71],"product_tag":[],"class_list":{"0":"post-6728","1":"product","2":"type-product","3":"status-publish","4":"has-post-thumbnail","6":"product_cat-keksy-muesli-sneky","7":"desktop-align-left","8":"tablet-align-left","9":"mobile-align-left","11":"first","12":"outofstock","13":"taxable","14":"shipping-taxable","15":"purchasable","16":"product-type-simple"},"jetpack_sharing_enabled":true,"_links":{"self":[{"href":"https:\/\/novalim.net\/eshop\/wp-json\/wp\/v2\/product\/6728","targetHints":{"allow":["GET"]}}],"collection":[{"href":"https:\/\/novalim.net\/eshop\/wp-json\/wp\/v2\/product"}],"about":[{"href":"https:\/\/novalim.net\/eshop\/wp-json\/wp\/v2\/types\/product"}],"replies":[{"embeddable":true,"href":"https:\/\/novalim.net\/eshop\/wp-json\/wp\/v2\/comments?post=6728"}],"wp:featuredmedia":[{"embeddable":true,"href":"https:\/\/novalim.net\/eshop\/wp-json\/wp\/v2\/media\/11493"}],"wp:attachment":[{"href":"https:\/\/novalim.net\/eshop\/wp-json\/wp\/v2\/media?parent=6728"}],"wp:term":[{"taxonomy":"product_brand","embeddable":true,"href":"https:\/\/novalim.net\/eshop\/wp-json\/wp\/v2\/product_brand?post=6728"},{"taxonomy":"product_cat","embeddable":true,"href":"https:\/\/novalim.net\/eshop\/wp-json\/wp\/v2\/product_cat?post=6728"},{"taxonomy":"product_tag","embeddable":true,"href":"https:\/\/novalim.net\/eshop\/wp-json\/wp\/v2\/product_tag?post=6728"}],"curies":[{"name":"wp","href":"https:\/\/api.w.org\/{rel}","templated":true}]}}