{"id":6181,"date":"2017-09-26T06:58:15","date_gmt":"2017-09-26T04:58:15","guid":{"rendered":"https:\/\/novalim.net\/eshop1\/?post_type=product&#038;p=6181\/"},"modified":"2026-01-26T13:30:11","modified_gmt":"2026-01-26T11:30:11","slug":"bezglutenovy-chlieb-a-pecivochlieb-bezglutenovy-tmavy-90-dni","status":"publish","type":"product","link":"https:\/\/novalim.net\/eshop\/obchod\/bezglutenovy-chlieb-pecivo\/bezglutenovy-chlieb-a-pecivochlieb-bezglutenovy-tmavy-90-dni\/","title":{"rendered":"Bezlepkov\u00fd chlieb tmav\u00fd, 90 dn\u00ed, 360g"},"content":{"rendered":"<p>Chlieb bezglut\u00e9nov\u00fd tmav\u00fd &#8211; potravina ur\u010den\u00e1 aj pre zvl\u00e1\u0161tnu v\u00fd\u017eivu, pre osoby s nezn\u00e1\u0161anlivos\u0165ou lepku. Vyroben\u00e1 <strong>z prirodzene bezlepkov\u00fdch<\/strong> a bezp\u0161eni\u010dn\u00fdch surov\u00edn.<\/p>\n<p>Balen\u00fd v ochrannej atmosf\u00e9re.<br \/>\nBalenie: 90 dn\u00ed<br \/>\nHmotnos\u0165: 360 g<br \/>\nPo otvoren\u00ed spotrebujte do 3 dn\u00ed<\/p>\n<p>Zlo\u017eenie:<br \/>\nvoda, kukuri\u010dn\u00fd \u0161krob, zemiakov\u00fd \u0161krob, ry\u017eov\u00e1 m\u00faka, zemiakov\u00e1 m\u00faka, rastlinn\u00e1 vl\u00e1knina, poh\u00e1nkov\u00e1 m\u00faka, repkov\u00fd olej, zahus\u0165ovadlo: gu\u00e1rov\u00e1 m\u00faka, hydroxypropylmetylcelul\u00f3za; dro\u017edie, pr\u00edrodn\u00fd cukor, ry\u017eov\u00fd sirup, hrachov\u00e1 bielkovina, fermentovan\u00fd cukor, enz\u00fdm (m\u00f4\u017ee obsahova\u0165 stopy s\u00f3je).<br \/>\n(glut\u00e9n &lt; 20mg\/kg)<\/p>\n<p>100 g v\u00fdrobku priemerne obsahuje:<br \/>\n<strong>Energetick\u00e1 hodnota:<\/strong> 936 kJ, 221 kcal;<strong> Tuky:<\/strong> 2,2 g z toho 0,4 g nas\u00fdten\u00e9 mastn\u00e9 kyseliny; <strong>Sacharidy:<\/strong> 47,0 g z toho 3,2 g cukry; <strong>Vl\u00e1knina:<\/strong> 2,7 g; <strong>Bielkoviny:<\/strong> 2,0 g; <strong>So\u013e:<\/strong> 1,0 g;<\/p>\n","protected":false},"excerpt":{"rendered":"<p>Chlieb bezglut\u00e9nov\u00fd tmav\u00fd &#8211; potravina ur\u010den\u00e1 aj pre zvl\u00e1\u0161tnu v\u00fd\u017eivu, pre osoby s nezn\u00e1\u0161anlivos\u0165ou lepku. Vyroben\u00e1 <strong>z prirodzene bezlepkov\u00fdch<\/strong> a bezp\u0161eni\u010dn\u00fdch surov\u00edn.<\/p>\n<p>Balen\u00fd v ochrannej atmosf\u00e9re.<br \/>\nBalenie: 90 dn\u00ed<br \/>\nHmotnos\u0165: 360 g<\/p>\n","protected":false},"featured_media":11486,"comment_status":"closed","ping_status":"closed","template":"","meta":{"site-sidebar-layout":"default","site-content-layout":"","ast-site-content-layout":"default","site-content-style":"default","site-sidebar-style":"default","ast-global-header-display":"","ast-banner-title-visibility":"","ast-main-header-display":"","ast-hfb-above-header-display":"","ast-hfb-below-header-display":"","ast-hfb-mobile-header-display":"","site-post-title":"","ast-breadcrumbs-content":"","ast-featured-img":"","footer-sml-layout":"","theme-transparent-header-meta":"default","adv-header-id-meta":"","stick-header-meta":"","header-above-stick-meta":"","header-main-stick-meta":"","header-below-stick-meta":"","astra-migrate-meta-layouts":"set","ast-page-background-enabled":"default","ast-page-background-meta":{"desktop":{"background-color":"var(--ast-global-color-4)","background-image":"","background-repeat":"repeat","background-position":"center center","background-size":"auto","background-attachment":"scroll","background-type":"","background-media":"","overlay-type":"","overlay-color":"","overlay-opacity":"","overlay-gradient":""},"tablet":{"background-color":"","background-image":"","background-repeat":"repeat","background-position":"center center","background-size":"auto","background-attachment":"scroll","background-type":"","background-media":"","overlay-type":"","overlay-color":"","overlay-opacity":"","overlay-gradient":""},"mobile":{"background-color":"","background-image":"","background-repeat":"repeat","background-position":"center center","background-size":"auto","background-attachment":"scroll","background-type":"","background-media":"","overlay-type":"","overlay-color":"","overlay-opacity":"","overlay-gradient":""}},"ast-content-background-meta":{"desktop":{"background-color":"var(--ast-global-color-5)","background-image":"","background-repeat":"repeat","background-position":"center center","background-size":"auto","background-attachment":"scroll","background-type":"","background-media":"","overlay-type":"","overlay-color":"","overlay-opacity":"","overlay-gradient":""},"tablet":{"background-color":"var(--ast-global-color-5)","background-image":"","background-repeat":"repeat","background-position":"center center","background-size":"auto","background-attachment":"scroll","background-type":"","background-media":"","overlay-type":"","overlay-color":"","overlay-opacity":"","overlay-gradient":""},"mobile":{"background-color":"var(--ast-global-color-5)","background-image":"","background-repeat":"repeat","background-position":"center center","background-size":"auto","background-attachment":"scroll","background-type":"","background-media":"","overlay-type":"","overlay-color":"","overlay-opacity":"","overlay-gradient":""}}},"product_brand":[],"product_cat":[70],"product_tag":[],"class_list":{"0":"post-6181","1":"product","2":"type-product","3":"status-publish","4":"has-post-thumbnail","6":"product_cat-bezglutenovy-chlieb-pecivo","7":"desktop-align-left","8":"tablet-align-left","9":"mobile-align-left","11":"first","12":"onbackorder","13":"taxable","14":"shipping-taxable","15":"purchasable","16":"product-type-simple"},"jetpack_sharing_enabled":true,"_links":{"self":[{"href":"https:\/\/novalim.net\/eshop\/wp-json\/wp\/v2\/product\/6181","targetHints":{"allow":["GET"]}}],"collection":[{"href":"https:\/\/novalim.net\/eshop\/wp-json\/wp\/v2\/product"}],"about":[{"href":"https:\/\/novalim.net\/eshop\/wp-json\/wp\/v2\/types\/product"}],"replies":[{"embeddable":true,"href":"https:\/\/novalim.net\/eshop\/wp-json\/wp\/v2\/comments?post=6181"}],"wp:featuredmedia":[{"embeddable":true,"href":"https:\/\/novalim.net\/eshop\/wp-json\/wp\/v2\/media\/11486"}],"wp:attachment":[{"href":"https:\/\/novalim.net\/eshop\/wp-json\/wp\/v2\/media?parent=6181"}],"wp:term":[{"taxonomy":"product_brand","embeddable":true,"href":"https:\/\/novalim.net\/eshop\/wp-json\/wp\/v2\/product_brand?post=6181"},{"taxonomy":"product_cat","embeddable":true,"href":"https:\/\/novalim.net\/eshop\/wp-json\/wp\/v2\/product_cat?post=6181"},{"taxonomy":"product_tag","embeddable":true,"href":"https:\/\/novalim.net\/eshop\/wp-json\/wp\/v2\/product_tag?post=6181"}],"curies":[{"name":"wp","href":"https:\/\/api.w.org\/{rel}","templated":true}]}}