{"id":4454,"date":"2016-11-07T00:24:53","date_gmt":"2016-11-06T22:24:53","guid":{"rendered":"http:\/\/novalim.sk\/?post_type=product&#038;p=4454"},"modified":"2026-01-05T11:51:46","modified_gmt":"2026-01-05T09:51:46","slug":"linsi-bezglutenovy-chlieb-s-lanom","status":"publish","type":"product","link":"https:\/\/novalim.net\/eshop\/obchod\/bezglutenovy-chlieb-pecivo\/linsi-bezglutenovy-chlieb-s-lanom\/","title":{"rendered":"LINSI-bezglut\u00e9nov\u00fd chlieb s \u013eanom"},"content":{"rendered":"<p>LINSI \u2013 celozrnn\u00fd, bezglut\u00e9nov\u00fd chlieb s \u013eanom a miner\u00e1lnym komplexom z morsk\u00fdch rias.Potravina ur\u010den\u00e1 aj pre zvl\u00e1\u0161tnu v\u00fd\u017eivu, pre osoby s nezn\u00e1\u0161anlivos\u0165ou lepku. Vyroben\u00e1 <strong>z prirodzene bezlepkov\u00fdch<\/strong> a bezp\u0161eni\u010dn\u00fdch surov\u00edn.<\/p>\n<p>Balen\u00fd v ochrannej atmosf\u00e9re.<br \/>\nBalenie: 90 dn\u00ed<br \/>\nHmotnos\u0165: 300 g<br \/>\nPo otvoren\u00ed spotrebujte do 3 dn\u00ed<\/p>\n<p>Zlo\u017eenie: voda, zemiakov\u00fd \u0161krob, kukuri\u010dn\u00fd \u0161krob, ry\u017eov\u00e1 m\u00faka, \u013eanov\u00fd \u0161rot, slne\u010dnicov\u00e9 a tekvicov\u00e9 semienka, poh\u00e1nkov\u00e1 m\u00faka, zemiakov\u00e1 m\u00faka, rastlinn\u00e1 vl\u00e1knina \u2013 jablkov\u00e1, psyllium; dextr\u00f3za, hrachov\u00e1 bielkovina, dro\u017edie, zahus\u0165ovadlo:\u00a0gu\u00e1rov\u00e1 m\u00faka a hydroxypropylmetyl-celul\u00f3za, jedl\u00e1 so\u013e, fermentovan\u00fd cukor, miner\u00e1lny komplex, enz\u00fdm.<br \/>\n(glut\u00e9n &lt; 20mg\/kg)<\/p>\n<p>100 g v\u00fdrobku priemerne obsahuje:<br \/>\n<strong>Energetick\u00e1 hodnota:<\/strong> 1029 kJ, 244 kcal;<strong> Tuky:<\/strong> 4,7 g z toho 0,4 g nas\u00fdten\u00e9 mastn\u00e9 kyseliny; <strong>Sacharidy:<\/strong> 43,9 g z toho 2,0 g cukry; <strong>Vl\u00e1knina:<\/strong> 5,1 g; <strong>Bielkoviny:<\/strong> 4,0 g; <strong>So\u013e:<\/strong> 1,0 g;\u00a0<strong>V\u00e1pnik:\u00a0<\/strong>120mg;\u00a0<strong>Hor\u010d\u00edk:\u00a0<\/strong>10 mg;<\/p>\n","protected":false},"excerpt":{"rendered":"<p>LINSI \u2013 celozrnn\u00fd, bezglut\u00e9nov\u00fd chlieb s \u013eanom a miner\u00e1lnym komplexom z morsk\u00fdch rias. Potravina ur\u010den\u00e1 aj pre zvl\u00e1\u0161tnu v\u00fd\u017eivu, pre osoby s nezn\u00e1\u0161anlivos\u0165ou lepku. Vyroben\u00e1 <strong>z prirodzene bezlepkov\u00fdch<\/strong> a bezp\u0161eni\u010dn\u00fdch surov\u00edn.<\/p>\n<p>Balen\u00fd v ochrannej atmosf\u00e9re.<br \/>\nBalenie: 90 dn\u00ed<br \/>\nHmotnos\u0165: 300 g<\/p>\n","protected":false},"featured_media":11484,"comment_status":"open","ping_status":"closed","template":"","meta":{"site-sidebar-layout":"default","site-content-layout":"","ast-site-content-layout":"default","site-content-style":"default","site-sidebar-style":"default","ast-global-header-display":"","ast-banner-title-visibility":"","ast-main-header-display":"","ast-hfb-above-header-display":"","ast-hfb-below-header-display":"","ast-hfb-mobile-header-display":"","site-post-title":"","ast-breadcrumbs-content":"","ast-featured-img":"","footer-sml-layout":"","theme-transparent-header-meta":"default","adv-header-id-meta":"","stick-header-meta":"","header-above-stick-meta":"","header-main-stick-meta":"","header-below-stick-meta":"","astra-migrate-meta-layouts":"set","ast-page-background-enabled":"default","ast-page-background-meta":{"desktop":{"background-color":"var(--ast-global-color-4)","background-image":"","background-repeat":"repeat","background-position":"center center","background-size":"auto","background-attachment":"scroll","background-type":"","background-media":"","overlay-type":"","overlay-color":"","overlay-opacity":"","overlay-gradient":""},"tablet":{"background-color":"","background-image":"","background-repeat":"repeat","background-position":"center center","background-size":"auto","background-attachment":"scroll","background-type":"","background-media":"","overlay-type":"","overlay-color":"","overlay-opacity":"","overlay-gradient":""},"mobile":{"background-color":"","background-image":"","background-repeat":"repeat","background-position":"center center","background-size":"auto","background-attachment":"scroll","background-type":"","background-media":"","overlay-type":"","overlay-color":"","overlay-opacity":"","overlay-gradient":""}},"ast-content-background-meta":{"desktop":{"background-color":"var(--ast-global-color-5)","background-image":"","background-repeat":"repeat","background-position":"center center","background-size":"auto","background-attachment":"scroll","background-type":"","background-media":"","overlay-type":"","overlay-color":"","overlay-opacity":"","overlay-gradient":""},"tablet":{"background-color":"var(--ast-global-color-5)","background-image":"","background-repeat":"repeat","background-position":"center center","background-size":"auto","background-attachment":"scroll","background-type":"","background-media":"","overlay-type":"","overlay-color":"","overlay-opacity":"","overlay-gradient":""},"mobile":{"background-color":"var(--ast-global-color-5)","background-image":"","background-repeat":"repeat","background-position":"center center","background-size":"auto","background-attachment":"scroll","background-type":"","background-media":"","overlay-type":"","overlay-color":"","overlay-opacity":"","overlay-gradient":""}}},"product_brand":[],"product_cat":[70],"product_tag":[],"class_list":{"0":"post-4454","1":"product","2":"type-product","3":"status-publish","4":"has-post-thumbnail","6":"product_cat-bezglutenovy-chlieb-pecivo","7":"desktop-align-left","8":"tablet-align-left","9":"mobile-align-left","11":"first","12":"outofstock","13":"taxable","14":"shipping-taxable","15":"purchasable","16":"product-type-simple"},"jetpack_sharing_enabled":true,"_links":{"self":[{"href":"https:\/\/novalim.net\/eshop\/wp-json\/wp\/v2\/product\/4454","targetHints":{"allow":["GET"]}}],"collection":[{"href":"https:\/\/novalim.net\/eshop\/wp-json\/wp\/v2\/product"}],"about":[{"href":"https:\/\/novalim.net\/eshop\/wp-json\/wp\/v2\/types\/product"}],"replies":[{"embeddable":true,"href":"https:\/\/novalim.net\/eshop\/wp-json\/wp\/v2\/comments?post=4454"}],"wp:featuredmedia":[{"embeddable":true,"href":"https:\/\/novalim.net\/eshop\/wp-json\/wp\/v2\/media\/11484"}],"wp:attachment":[{"href":"https:\/\/novalim.net\/eshop\/wp-json\/wp\/v2\/media?parent=4454"}],"wp:term":[{"taxonomy":"product_brand","embeddable":true,"href":"https:\/\/novalim.net\/eshop\/wp-json\/wp\/v2\/product_brand?post=4454"},{"taxonomy":"product_cat","embeddable":true,"href":"https:\/\/novalim.net\/eshop\/wp-json\/wp\/v2\/product_cat?post=4454"},{"taxonomy":"product_tag","embeddable":true,"href":"https:\/\/novalim.net\/eshop\/wp-json\/wp\/v2\/product_tag?post=4454"}],"curies":[{"name":"wp","href":"https:\/\/api.w.org\/{rel}","templated":true}]}}