{"id":1298,"date":"2016-05-06T09:41:13","date_gmt":"2016-05-06T07:41:13","guid":{"rendered":"http:\/\/novalim.net\/obchod\/promix-b-e-t-a-racionalna-mineralizovana-bezglutenova-muka\/"},"modified":"2026-03-27T20:17:05","modified_gmt":"2026-03-27T18:17:05","slug":"__trashed-4","status":"publish","type":"product","link":"https:\/\/novalim.net\/eshop\/obchod\/muky\/bezglutenove-mucne-zmesi\/__trashed-4\/","title":{"rendered":"Promix Beta-racion\u00e1lna mineralizovan\u00e1 bezg. M\u00faka 0,5 kg"},"content":{"rendered":"<p>PROMIX Beta, racion\u00e1lna mineralizovan\u00e1 bezglut\u00e9nov\u00e1 m\u00faka &#8211; v\u0161estrann\u00e1 bezglut\u00e9nov\u00e1 m\u00faka vhodn\u00e1 na pr\u00edpravu pek\u00e1rskych a cukr\u00e1rskych v\u00fdrobkov. Zvl\u00e1\u0161\u0165 vhodn\u00e1 na pr\u00edpravu kypr\u00e9ho pe\u010diva a chleba, nekysnut\u00fdch \u0165ahan\u00fdch z\u00e1vinov (\u0161tr\u00fad\u013ea) a l\u00edstkov\u00e9ho pe\u010diva.<br \/>\nBalenie: 500 g<\/p>\n<p><strong>Inform\u00e1cie o produkte:<\/strong><\/p>\n<p>Zlo\u017eenie: kukuri\u010dn\u00fd \u0161krob, ry\u017eov\u00e1 m\u00faka, poh\u00e1nkov\u00e1 m\u00faka, hrachov\u00e1 bielkovina, zemiakov\u00e1 m\u00faka, rastlinn\u00e1 vl\u00e1knina (jablkov\u00e1, psyllium, citrusov\u00e1), zahus\u0165ovadlo: hydroxypropylmetylcelul\u00f3za, dextr\u00f3za, miner\u00e1lny komplex z morsk\u00fdch rias Aquamin.<br \/>\n(glut\u00e9n &lt; 20 mg\/kg)<\/p>\n<p>100 g v\u00fdrobku priemerne obsahuje:<br \/>\n<strong>Energetick\u00e1 hodnota:<\/strong> 1492 kJ, 352 kcal; <strong>Tuky:<\/strong> 0,5 g z toho 0,05 g nas\u00fdten\u00e9 mastn\u00e9 kyseliny; <strong>Sacharidy:<\/strong> 79,5 g z toho 1,9 g cukry; <strong>Vl\u00e1knina:<\/strong> 5,5 g; <strong>Bielkoviny:<\/strong> 4,6 g; <strong>So\u013e:<\/strong> 0,12 g;\u00a0<strong>V\u00e1pnik:\u00a0<\/strong>120 mg;\u00a0<strong>Hor\u010d\u00edk:\u00a0<\/strong>8 mg;<\/p>\n","protected":false},"excerpt":{"rendered":"<p>PROMIX Beta, racion\u00e1lna mineralizovan\u00e1 bezglut\u00e9nov\u00e1 m\u00faka &#8211; v\u0161estrann\u00e1 bezglut\u00e9nov\u00e1 m\u00faka vhodn\u00e1 na pr\u00edpravu pek\u00e1rskych a cukr\u00e1rskych v\u00fdrobkov. Zvl\u00e1\u0161\u0165 vhodn\u00e1 na pr\u00edpravu kypr\u00e9ho pe\u010diva a chleba, nekysnut\u00fdch \u0165ahan\u00fdch z\u00e1vinov (\u0161tr\u00fad\u013ea) a l\u00edstkov\u00e9ho pe\u010diva.<br \/>\nPotravina ur\u010den\u00e1 aj pre zvl\u00e1\u0161tnu v\u00fd\u017eivu, pre osoby s nezn\u00e1\u0161anlivos\u0165ou lepku. Vyroben\u00e1 <strong>z prirodzene bezlepkov\u00fdch<\/strong> a bezp\u0161eni\u010dn\u00fdch surov\u00edn.<\/p>\n","protected":false},"featured_media":10222,"comment_status":"closed","ping_status":"closed","template":"","meta":{"site-sidebar-layout":"default","site-content-layout":"","ast-site-content-layout":"","site-content-style":"default","site-sidebar-style":"default","ast-global-header-display":"","ast-banner-title-visibility":"","ast-main-header-display":"","ast-hfb-above-header-display":"","ast-hfb-below-header-display":"","ast-hfb-mobile-header-display":"","site-post-title":"","ast-breadcrumbs-content":"","ast-featured-img":"","footer-sml-layout":"","theme-transparent-header-meta":"","adv-header-id-meta":"","stick-header-meta":"","header-above-stick-meta":"","header-main-stick-meta":"","header-below-stick-meta":"","astra-migrate-meta-layouts":"default","ast-page-background-enabled":"default","ast-page-background-meta":{"desktop":{"background-color":"var(--ast-global-color-4)","background-image":"","background-repeat":"repeat","background-position":"center center","background-size":"auto","background-attachment":"scroll","background-type":"","background-media":"","overlay-type":"","overlay-color":"","overlay-opacity":"","overlay-gradient":""},"tablet":{"background-color":"","background-image":"","background-repeat":"repeat","background-position":"center center","background-size":"auto","background-attachment":"scroll","background-type":"","background-media":"","overlay-type":"","overlay-color":"","overlay-opacity":"","overlay-gradient":""},"mobile":{"background-color":"","background-image":"","background-repeat":"repeat","background-position":"center center","background-size":"auto","background-attachment":"scroll","background-type":"","background-media":"","overlay-type":"","overlay-color":"","overlay-opacity":"","overlay-gradient":""}},"ast-content-background-meta":{"desktop":{"background-color":"var(--ast-global-color-5)","background-image":"","background-repeat":"repeat","background-position":"center center","background-size":"auto","background-attachment":"scroll","background-type":"","background-media":"","overlay-type":"","overlay-color":"","overlay-opacity":"","overlay-gradient":""},"tablet":{"background-color":"var(--ast-global-color-5)","background-image":"","background-repeat":"repeat","background-position":"center center","background-size":"auto","background-attachment":"scroll","background-type":"","background-media":"","overlay-type":"","overlay-color":"","overlay-opacity":"","overlay-gradient":""},"mobile":{"background-color":"var(--ast-global-color-5)","background-image":"","background-repeat":"repeat","background-position":"center center","background-size":"auto","background-attachment":"scroll","background-type":"","background-media":"","overlay-type":"","overlay-color":"","overlay-opacity":"","overlay-gradient":""}}},"product_brand":[],"product_cat":[31,62],"product_tag":[],"class_list":{"0":"post-1298","1":"product","2":"type-product","3":"status-publish","4":"has-post-thumbnail","6":"product_cat-bezglutenove-mucne-zmesi","7":"product_cat-muky","8":"desktop-align-left","9":"tablet-align-left","10":"mobile-align-left","12":"first","13":"instock","14":"taxable","15":"shipping-taxable","16":"purchasable","17":"product-type-simple"},"jetpack_sharing_enabled":true,"_links":{"self":[{"href":"https:\/\/novalim.net\/eshop\/wp-json\/wp\/v2\/product\/1298","targetHints":{"allow":["GET"]}}],"collection":[{"href":"https:\/\/novalim.net\/eshop\/wp-json\/wp\/v2\/product"}],"about":[{"href":"https:\/\/novalim.net\/eshop\/wp-json\/wp\/v2\/types\/product"}],"replies":[{"embeddable":true,"href":"https:\/\/novalim.net\/eshop\/wp-json\/wp\/v2\/comments?post=1298"}],"wp:featuredmedia":[{"embeddable":true,"href":"https:\/\/novalim.net\/eshop\/wp-json\/wp\/v2\/media\/10222"}],"wp:attachment":[{"href":"https:\/\/novalim.net\/eshop\/wp-json\/wp\/v2\/media?parent=1298"}],"wp:term":[{"taxonomy":"product_brand","embeddable":true,"href":"https:\/\/novalim.net\/eshop\/wp-json\/wp\/v2\/product_brand?post=1298"},{"taxonomy":"product_cat","embeddable":true,"href":"https:\/\/novalim.net\/eshop\/wp-json\/wp\/v2\/product_cat?post=1298"},{"taxonomy":"product_tag","embeddable":true,"href":"https:\/\/novalim.net\/eshop\/wp-json\/wp\/v2\/product_tag?post=1298"}],"curies":[{"name":"wp","href":"https:\/\/api.w.org\/{rel}","templated":true}]}}