{"id":1286,"date":"2016-05-06T09:41:00","date_gmt":"2016-05-06T07:41:00","guid":{"rendered":"http:\/\/novalim.net\/obchod\/nizkobielkovinove-cestoviny-aprocelz-tarhona\/"},"modified":"2026-02-15T16:38:06","modified_gmt":"2026-02-15T14:38:06","slug":"nizkobielkovinove-cestoviny-aprocel-tarhona","status":"publish","type":"product","link":"https:\/\/novalim.net\/eshop\/obchod\/cestoviny\/nizkobielkovinove-cestoviny\/nizkobielkovinove-cestoviny-aprocel-tarhona\/","title":{"rendered":"APROCEL &#8211; Tarho\u0148a, Cest.n\u00edzkobielkovinov\u00e9"},"content":{"rendered":"<p>APROCEL\u00ae je registrovan\u00e1 ochrann\u00e1 zn\u00e1mka pre n\u00edzkobielkovinov\u00e9 cestoviny. Obsah bielkov\u00edn maxim\u00e1lne 0,5 g\/100 g, fenylalanin max. 20 mg\/100 g. N\u00edzkobielkovinov\u00e9 cestoviny sa vyr\u00e1baj\u00fa v \u0161irokom sortimente.<br \/>\nPon\u00fakame nasledovn\u00e9 tvary:<br \/>\nni\u0165ovky, abeceda, rezance, mu\u0161le, kolienka ve\u013ek\u00e9 a mal\u00e9, flia\u010dky ve\u013ek\u00e9 a mal\u00e9, tarho\u0148a, \u0161pir\u00e1ly, \u0161pagety.<br \/>\nV\u0161etky cestoviny maj\u00fa 12-mesa\u010dn\u00fa trvanlivos\u0165.<\/p>\n<p>Dietetick\u00e1 potravina na osobitn\u00e9 medic\u00ednske \u00fa\u010dely. Potravina nie je vhodn\u00e1 na pou\u017e\u00edvanie ako jedin\u00fd zdroj v\u00fd\u017eivy. Prirodzene bezglut\u00e9nov\u00fd produkt. <strong>Di\u00e9ta pri celiakii a fenylketon\u00farii (PKU). <\/strong><\/p>\n<p>Balenie: 250g<\/p>\n<p>Inform\u00e1cie o v\u00fdrobku:<\/p>\n<p>Zlo\u017eenie:<br \/>\nkukuri\u010dn\u00fd \u0161krob, emulg\u00e1tor E471, pr\u00edrodn\u00e9 farbivo kurkuma (E100).<br \/>\n(glut\u00e9n &lt; 20 mg\/kg)<\/p>\n<p>100 g v\u00fdrobku priemerne obsahuje:<\/p>\n<p><strong>Energetick\u00e1 hodnota:<\/strong> 1558 kJ, 367 kcal; <strong>Tuky:<\/strong> 1,4 g z toho nas\u00fdten\u00e9 mastn\u00e9 kyseliny 0 g; <strong>Sacharidy:<\/strong> 87,7 g z toho cukry 0 g; <strong>Vl\u00e1knina:<\/strong> 1 g; <strong>Bielkoviny:<\/strong> 0,4 g; <b>So\u013e<\/b>: 0,02 g; <strong>Fenylalan\u00edn: <\/strong>15 mg;<\/p>\n","protected":false},"excerpt":{"rendered":"<p>APROCEL\u00ae je registrovan\u00e1 ochrann\u00e1 zn\u00e1mka pre n\u00edzkobielkovinov\u00e9 cestoviny. Obsah bielkov\u00edn maxim\u00e1lne 0,5 g\/100 g, fenylalanin max. 20 mg\/100 g. N\u00edzkobielkovinov\u00e9 cestoviny sa vyr\u00e1baj\u00fa v \u0161irokom sortimente.<br \/>\nPon\u00fakame nasledovn\u00e9 tvary:<br \/>\nni\u0165ovky, abeceda, rezance, mu\u0161le, kolienka ve\u013ek\u00e9 a mal\u00e9, flia\u010dky ve\u013ek\u00e9 a mal\u00e9, tarho\u0148a, \u0161pir\u00e1ly, \u0161pagety.<br \/>\nV\u0161etky cestoviny maj\u00fa 12-mesa\u010dn\u00fa trvanlivos\u0165.<\/p>\n","protected":false},"featured_media":2218,"comment_status":"closed","ping_status":"closed","template":"","meta":{"site-sidebar-layout":"default","site-content-layout":"","ast-site-content-layout":"","site-content-style":"default","site-sidebar-style":"default","ast-global-header-display":"","ast-banner-title-visibility":"","ast-main-header-display":"","ast-hfb-above-header-display":"","ast-hfb-below-header-display":"","ast-hfb-mobile-header-display":"","site-post-title":"","ast-breadcrumbs-content":"","ast-featured-img":"","footer-sml-layout":"","theme-transparent-header-meta":"","adv-header-id-meta":"","stick-header-meta":"","header-above-stick-meta":"","header-main-stick-meta":"","header-below-stick-meta":"","astra-migrate-meta-layouts":"default","ast-page-background-enabled":"default","ast-page-background-meta":{"desktop":{"background-color":"var(--ast-global-color-4)","background-image":"","background-repeat":"repeat","background-position":"center center","background-size":"auto","background-attachment":"scroll","background-type":"","background-media":"","overlay-type":"","overlay-color":"","overlay-opacity":"","overlay-gradient":""},"tablet":{"background-color":"","background-image":"","background-repeat":"repeat","background-position":"center center","background-size":"auto","background-attachment":"scroll","background-type":"","background-media":"","overlay-type":"","overlay-color":"","overlay-opacity":"","overlay-gradient":""},"mobile":{"background-color":"","background-image":"","background-repeat":"repeat","background-position":"center center","background-size":"auto","background-attachment":"scroll","background-type":"","background-media":"","overlay-type":"","overlay-color":"","overlay-opacity":"","overlay-gradient":""}},"ast-content-background-meta":{"desktop":{"background-color":"var(--ast-global-color-5)","background-image":"","background-repeat":"repeat","background-position":"center center","background-size":"auto","background-attachment":"scroll","background-type":"","background-media":"","overlay-type":"","overlay-color":"","overlay-opacity":"","overlay-gradient":""},"tablet":{"background-color":"var(--ast-global-color-5)","background-image":"","background-repeat":"repeat","background-position":"center center","background-size":"auto","background-attachment":"scroll","background-type":"","background-media":"","overlay-type":"","overlay-color":"","overlay-opacity":"","overlay-gradient":""},"mobile":{"background-color":"var(--ast-global-color-5)","background-image":"","background-repeat":"repeat","background-position":"center center","background-size":"auto","background-attachment":"scroll","background-type":"","background-media":"","overlay-type":"","overlay-color":"","overlay-opacity":"","overlay-gradient":""}}},"product_brand":[],"product_cat":[63,25],"product_tag":[],"class_list":{"0":"post-1286","1":"product","2":"type-product","3":"status-publish","4":"has-post-thumbnail","6":"product_cat-cestoviny","7":"product_cat-nizkobielkovinove-cestoviny","8":"desktop-align-left","9":"tablet-align-left","10":"mobile-align-left","12":"first","13":"instock","14":"taxable","15":"shipping-taxable","16":"purchasable","17":"product-type-simple"},"jetpack_sharing_enabled":true,"_links":{"self":[{"href":"https:\/\/novalim.net\/eshop\/wp-json\/wp\/v2\/product\/1286","targetHints":{"allow":["GET"]}}],"collection":[{"href":"https:\/\/novalim.net\/eshop\/wp-json\/wp\/v2\/product"}],"about":[{"href":"https:\/\/novalim.net\/eshop\/wp-json\/wp\/v2\/types\/product"}],"replies":[{"embeddable":true,"href":"https:\/\/novalim.net\/eshop\/wp-json\/wp\/v2\/comments?post=1286"}],"wp:featuredmedia":[{"embeddable":true,"href":"https:\/\/novalim.net\/eshop\/wp-json\/wp\/v2\/media\/2218"}],"wp:attachment":[{"href":"https:\/\/novalim.net\/eshop\/wp-json\/wp\/v2\/media?parent=1286"}],"wp:term":[{"taxonomy":"product_brand","embeddable":true,"href":"https:\/\/novalim.net\/eshop\/wp-json\/wp\/v2\/product_brand?post=1286"},{"taxonomy":"product_cat","embeddable":true,"href":"https:\/\/novalim.net\/eshop\/wp-json\/wp\/v2\/product_cat?post=1286"},{"taxonomy":"product_tag","embeddable":true,"href":"https:\/\/novalim.net\/eshop\/wp-json\/wp\/v2\/product_tag?post=1286"}],"curies":[{"name":"wp","href":"https:\/\/api.w.org\/{rel}","templated":true}]}}