{"id":1269,"date":"2016-05-06T09:41:00","date_gmt":"2016-05-06T07:41:00","guid":{"rendered":"http:\/\/novalim.net\/obchod\/bezlepkove-granulovane-musli-s-hrozienkami\/"},"modified":"2026-03-21T15:28:43","modified_gmt":"2026-03-21T13:28:43","slug":"bezlepkove-granulovane-musli-s-hrozienkami","status":"publish","type":"product","link":"https:\/\/novalim.net\/eshop\/obchod\/keksy-muesli-sneky\/bezlepkove-granulovane-musli-s-hrozienkami\/","title":{"rendered":"MUESLI bezl. granulovan\u00e9 s hrozienkami"},"content":{"rendered":"<p>Bezglut\u00e9nov\u00e9 granulovan\u00e9 m\u00fcsli i s hrozienkami &#8211; v\u00fdrobok ur\u010den\u00fd k priamej konzum\u00e1cii v suchom stave alebo po zaliat\u00ed tepl\u00fdm alebo studen\u00fdm mliekom, ovocnou \u0161\u0165avou, komp\u00f3tom alebo v kombin\u00e1cii s ovoc\u00edm. M\u00f4\u017ee sa pou\u017ei\u0165 aj ako pos\u00fdpka na ovocn\u00e9 knedle.<br \/>\nPotravina ur\u010den\u00e1 aj pre zvl\u00e1\u0161tnu v\u00fd\u017eivu, pre osoby s nezn\u00e1\u0161anlivos\u0165ou lepku. Vyroben\u00e1 z <strong>prirodzene bezlepkov\u00fdch<\/strong> a bezp\u0161eni\u010dn\u00fdch surov\u00edn.<\/p>\n<p>Balenie: 200 g<\/p>\n<p><strong>Inform\u00e1cie o v\u00fdrobku:<\/strong><\/p>\n<p>Zlo\u017eenie:<br \/>\nry\u017eov\u00e1 m\u00faka, hrozienka, rastlinn\u00fd olej &#8211; palmov\u00fd, extrudovan\u00e1 kukurica, pr\u00edrodn\u00fd cukor, l\u00fapan\u00e1 slne\u010dnica, cukor, amarantov\u00e9 perli\u010dky, str\u00fahan\u00fd kokos, ry\u017eov\u00e1 m\u00faka tmav\u00e1, med, jedl\u00e1 so\u013e.<br \/>\n(glut\u00e9n &lt; 20 mg\/kg)<\/p>\n<p>100 g v\u00fdrobku priemerne obsahuje:<br \/>\n<strong>Energetick\u00e1 hodnot:<\/strong> 2028 kJ, 484 kcal; <strong>Tuky:<\/strong> 21,6 g z toho nas\u00fdten\u00e9 mastn\u00e9 kyseliny 9,6 g; <strong>Sacharidy:<\/strong> 64,5 g z toho cukry 28,8 g; <strong>Vl\u00e1knina:<\/strong> 3,6 g; <strong>Bielkoviny:<\/strong> 6,1 g; <strong>So\u013e:<\/strong> 0,42 g;<\/p>\n","protected":false},"excerpt":{"rendered":"<p>Bezglut\u00e9nov\u00e9 granulovan\u00e9 musli s hrozienkami &#8211; v\u00fdrobok ur\u010den\u00fd k priamej konzum\u00e1cii v suchom stave alebo po zaliat\u00ed tepl\u00fdm alebo studen\u00fdm mliekom, ovocnou \u0161\u0165avou, komp\u00f3tom alebo v kombin\u00e1cii s ovoc\u00edm. M\u00f4\u017ee sa pou\u017ei\u0165 aj ako pos\u00fdpka na ovocn\u00e9 knedle.<br \/>\nPotravina ur\u010den\u00e1 aj pre zvl\u00e1\u0161tnu v\u00fd\u017eivu, pre osoby s nezn\u00e1\u0161anlivos\u0165ou lepku. Vyroben\u00e1 z <strong>prirodzene bezlepkov\u00fdch<\/strong> a bezp\u0161eni\u010dn\u00fdch surov\u00edn.<\/p>\n","protected":false},"featured_media":2000,"comment_status":"closed","ping_status":"closed","template":"","meta":{"site-sidebar-layout":"default","site-content-layout":"","ast-site-content-layout":"","site-content-style":"default","site-sidebar-style":"default","ast-global-header-display":"","ast-banner-title-visibility":"","ast-main-header-display":"","ast-hfb-above-header-display":"","ast-hfb-below-header-display":"","ast-hfb-mobile-header-display":"","site-post-title":"","ast-breadcrumbs-content":"","ast-featured-img":"","footer-sml-layout":"","theme-transparent-header-meta":"","adv-header-id-meta":"","stick-header-meta":"","header-above-stick-meta":"","header-main-stick-meta":"","header-below-stick-meta":"","astra-migrate-meta-layouts":"default","ast-page-background-enabled":"default","ast-page-background-meta":{"desktop":{"background-color":"var(--ast-global-color-4)","background-image":"","background-repeat":"repeat","background-position":"center center","background-size":"auto","background-attachment":"scroll","background-type":"","background-media":"","overlay-type":"","overlay-color":"","overlay-opacity":"","overlay-gradient":""},"tablet":{"background-color":"","background-image":"","background-repeat":"repeat","background-position":"center center","background-size":"auto","background-attachment":"scroll","background-type":"","background-media":"","overlay-type":"","overlay-color":"","overlay-opacity":"","overlay-gradient":""},"mobile":{"background-color":"","background-image":"","background-repeat":"repeat","background-position":"center center","background-size":"auto","background-attachment":"scroll","background-type":"","background-media":"","overlay-type":"","overlay-color":"","overlay-opacity":"","overlay-gradient":""}},"ast-content-background-meta":{"desktop":{"background-color":"var(--ast-global-color-5)","background-image":"","background-repeat":"repeat","background-position":"center center","background-size":"auto","background-attachment":"scroll","background-type":"","background-media":"","overlay-type":"","overlay-color":"","overlay-opacity":"","overlay-gradient":""},"tablet":{"background-color":"var(--ast-global-color-5)","background-image":"","background-repeat":"repeat","background-position":"center center","background-size":"auto","background-attachment":"scroll","background-type":"","background-media":"","overlay-type":"","overlay-color":"","overlay-opacity":"","overlay-gradient":""},"mobile":{"background-color":"var(--ast-global-color-5)","background-image":"","background-repeat":"repeat","background-position":"center center","background-size":"auto","background-attachment":"scroll","background-type":"","background-media":"","overlay-type":"","overlay-color":"","overlay-opacity":"","overlay-gradient":""}}},"product_brand":[],"product_cat":[71],"product_tag":[],"class_list":{"0":"post-1269","1":"product","2":"type-product","3":"status-publish","4":"has-post-thumbnail","6":"product_cat-keksy-muesli-sneky","7":"desktop-align-left","8":"tablet-align-left","9":"mobile-align-left","11":"first","12":"onbackorder","13":"taxable","14":"shipping-taxable","15":"purchasable","16":"product-type-simple"},"jetpack_sharing_enabled":true,"_links":{"self":[{"href":"https:\/\/novalim.net\/eshop\/wp-json\/wp\/v2\/product\/1269","targetHints":{"allow":["GET"]}}],"collection":[{"href":"https:\/\/novalim.net\/eshop\/wp-json\/wp\/v2\/product"}],"about":[{"href":"https:\/\/novalim.net\/eshop\/wp-json\/wp\/v2\/types\/product"}],"replies":[{"embeddable":true,"href":"https:\/\/novalim.net\/eshop\/wp-json\/wp\/v2\/comments?post=1269"}],"wp:featuredmedia":[{"embeddable":true,"href":"https:\/\/novalim.net\/eshop\/wp-json\/wp\/v2\/media\/2000"}],"wp:attachment":[{"href":"https:\/\/novalim.net\/eshop\/wp-json\/wp\/v2\/media?parent=1269"}],"wp:term":[{"taxonomy":"product_brand","embeddable":true,"href":"https:\/\/novalim.net\/eshop\/wp-json\/wp\/v2\/product_brand?post=1269"},{"taxonomy":"product_cat","embeddable":true,"href":"https:\/\/novalim.net\/eshop\/wp-json\/wp\/v2\/product_cat?post=1269"},{"taxonomy":"product_tag","embeddable":true,"href":"https:\/\/novalim.net\/eshop\/wp-json\/wp\/v2\/product_tag?post=1269"}],"curies":[{"name":"wp","href":"https:\/\/api.w.org\/{rel}","templated":true}]}}