{"id":1263,"date":"2016-05-06T09:40:46","date_gmt":"2016-05-06T07:40:46","guid":{"rendered":"http:\/\/novalim.net\/obchod\/limky-bezglutenove-keksy-kakaove-plnene\/"},"modified":"2026-04-25T10:16:22","modified_gmt":"2026-04-25T08:16:22","slug":"limky-bezglutenove-keksy-kakaove-plnene","status":"publish","type":"product","link":"https:\/\/novalim.net\/eshop\/obchod\/keksy-muesli-sneky\/limky-bezglutenove-keksy-kakaove-plnene\/","title":{"rendered":"LIMKY &#8211; bezl. keksy kakaov\u00e9, plnen\u00e9"},"content":{"rendered":"<p>LIMKY KAKAOV\u00c9 PLNEN\u00c9 &#8211; bezglut\u00e9nov\u00e9 keksy, charakteristick\u00e9 svojou lahodnou chu\u0165ou a krehkos\u0165ou. Jemn\u00fd \u010dokol\u00e1dov\u00fd kr\u00e9m s pou\u017eit\u00edm tmavej nemlie\u010dnej \u010dokol\u00e1dovej hmoty.<br \/>\nPotravina ur\u010den\u00e1 aj pre zvl\u00e1\u0161tnu v\u00fd\u017eivu, pre osoby s nezn\u00e1\u0161anlivos\u0165ou lepku. Vyroben\u00e1 z <strong>prirodzene bezlepkov\u00fdch<\/strong> a bezp\u0161eni\u010dn\u00fdch surov\u00edn.<br \/>\nBalenie: 150 g<\/p>\n<p><strong>Inform\u00e1cie o v\u00fdrobku:<\/strong><\/p>\n<p>Zlo\u017eenie:<br \/>\nkukuri\u010dn\u00fd \u0161krob, ry\u017eov\u00e1 m\u00faka, rastlinn\u00e9 tuky (palmov\u00fd, repkov\u00fd), cukor,<strong> s\u00f3jov\u00e1 m\u00faka<\/strong>, gluk\u00f3zo-frukt\u00f3zov\u00fd sirup, \u010derstv\u00e1 <strong>vaje\u010dn\u00e1 zmes<\/strong>, kakaov\u00fd pr\u00e1\u0161ok so zn\u00ed\u017een\u00fdm obsaahom tuku 2%, rastlinn\u00e1 vl\u00e1knina, jedl\u00e1 so\u013e, emulg\u00e1tor <strong>s\u00f3jov\u00fd lecit\u00edn<\/strong>, kypriace l\u00e1tky (difosfore\u010dnan disodn\u00fd, hydrog\u00e9nuhli\u010ditan sodn\u00fd). <strong>\u010cokol\u00e1dov\u00e1 plnka:<\/strong> cukor, stu\u017een\u00fd rastlinn\u00fd tuk (palmov\u00fd), \u010dokol\u00e1dov\u00e1 hmota, kakaov\u00fd pr\u00e1\u0161ok 16,5%, rastlinn\u00fd slne\u010dnicov\u00fd olej, emulg\u00e1tor <strong>s\u00f3jov\u00fd lecit\u00edn<\/strong>.<br \/>\n(glut\u00e9n &lt; 20 mg\/kg)<\/p>\n<p>100 g v\u00fdrobku priemerne obsahuje:<\/p>\n<p><strong>Energetick\u00e1 hodnota:<\/strong> 2066 kJ, 493 kcal; <strong>Tuky:<\/strong> 22,2 g z toho nas\u00fdten\u00e9 mastn\u00e9 kyseliny 8,9 g; <strong>Sacharidy:<\/strong> 67,8 g z toho cukry 20,6 g; <strong>Vl\u00e1knina:<\/strong> 2,4 g; <strong>Bielkoviny:<\/strong> 4,3 g; <b>So\u013e<\/b>: 0,38 g<\/p>\n","protected":false},"excerpt":{"rendered":"<p>LIMKY KAKAOV\u00c9 PLNEN\u00c9 &#8211; bezglut\u00e9nov\u00e9 keksy, charakteristick\u00e9 svojou lahodnou chu\u0165ou a krehkos\u0165ou. Jemn\u00fd \u010dokol\u00e1dov\u00fd kr\u00e9m s pou\u017eit\u00edm tmavej nemlie\u010dnej \u010dokol\u00e1dovej hmoty.<br \/>\nPotravina ur\u010den\u00e1 aj pre zvl\u00e1\u0161tnu v\u00fd\u017eivu, pre osoby s nezn\u00e1\u0161anlivos\u0165ou lepku. Vyroben\u00e1 z <strong>prirodzene bezlepkov\u00fdch<\/strong> a bezp\u0161eni\u010dn\u00fdch surov\u00edn.<\/p>\n","protected":false},"featured_media":11490,"comment_status":"closed","ping_status":"closed","template":"","meta":{"site-sidebar-layout":"default","site-content-layout":"","ast-site-content-layout":"default","site-content-style":"default","site-sidebar-style":"default","ast-global-header-display":"","ast-banner-title-visibility":"","ast-main-header-display":"","ast-hfb-above-header-display":"","ast-hfb-below-header-display":"","ast-hfb-mobile-header-display":"","site-post-title":"","ast-breadcrumbs-content":"","ast-featured-img":"","footer-sml-layout":"","theme-transparent-header-meta":"default","adv-header-id-meta":"","stick-header-meta":"","header-above-stick-meta":"","header-main-stick-meta":"","header-below-stick-meta":"","astra-migrate-meta-layouts":"set","ast-page-background-enabled":"default","ast-page-background-meta":{"desktop":{"background-color":"var(--ast-global-color-4)","background-image":"","background-repeat":"repeat","background-position":"center center","background-size":"auto","background-attachment":"scroll","background-type":"","background-media":"","overlay-type":"","overlay-color":"","overlay-opacity":"","overlay-gradient":""},"tablet":{"background-color":"","background-image":"","background-repeat":"repeat","background-position":"center center","background-size":"auto","background-attachment":"scroll","background-type":"","background-media":"","overlay-type":"","overlay-color":"","overlay-opacity":"","overlay-gradient":""},"mobile":{"background-color":"","background-image":"","background-repeat":"repeat","background-position":"center center","background-size":"auto","background-attachment":"scroll","background-type":"","background-media":"","overlay-type":"","overlay-color":"","overlay-opacity":"","overlay-gradient":""}},"ast-content-background-meta":{"desktop":{"background-color":"var(--ast-global-color-5)","background-image":"","background-repeat":"repeat","background-position":"center center","background-size":"auto","background-attachment":"scroll","background-type":"","background-media":"","overlay-type":"","overlay-color":"","overlay-opacity":"","overlay-gradient":""},"tablet":{"background-color":"var(--ast-global-color-5)","background-image":"","background-repeat":"repeat","background-position":"center center","background-size":"auto","background-attachment":"scroll","background-type":"","background-media":"","overlay-type":"","overlay-color":"","overlay-opacity":"","overlay-gradient":""},"mobile":{"background-color":"var(--ast-global-color-5)","background-image":"","background-repeat":"repeat","background-position":"center center","background-size":"auto","background-attachment":"scroll","background-type":"","background-media":"","overlay-type":"","overlay-color":"","overlay-opacity":"","overlay-gradient":""}}},"product_brand":[],"product_cat":[71],"product_tag":[],"class_list":{"0":"post-1263","1":"product","2":"type-product","3":"status-publish","4":"has-post-thumbnail","6":"product_cat-keksy-muesli-sneky","7":"desktop-align-left","8":"tablet-align-left","9":"mobile-align-left","11":"first","12":"instock","13":"taxable","14":"shipping-taxable","15":"purchasable","16":"product-type-simple"},"jetpack_sharing_enabled":true,"_links":{"self":[{"href":"https:\/\/novalim.net\/eshop\/wp-json\/wp\/v2\/product\/1263","targetHints":{"allow":["GET"]}}],"collection":[{"href":"https:\/\/novalim.net\/eshop\/wp-json\/wp\/v2\/product"}],"about":[{"href":"https:\/\/novalim.net\/eshop\/wp-json\/wp\/v2\/types\/product"}],"replies":[{"embeddable":true,"href":"https:\/\/novalim.net\/eshop\/wp-json\/wp\/v2\/comments?post=1263"}],"wp:featuredmedia":[{"embeddable":true,"href":"https:\/\/novalim.net\/eshop\/wp-json\/wp\/v2\/media\/11490"}],"wp:attachment":[{"href":"https:\/\/novalim.net\/eshop\/wp-json\/wp\/v2\/media?parent=1263"}],"wp:term":[{"taxonomy":"product_brand","embeddable":true,"href":"https:\/\/novalim.net\/eshop\/wp-json\/wp\/v2\/product_brand?post=1263"},{"taxonomy":"product_cat","embeddable":true,"href":"https:\/\/novalim.net\/eshop\/wp-json\/wp\/v2\/product_cat?post=1263"},{"taxonomy":"product_tag","embeddable":true,"href":"https:\/\/novalim.net\/eshop\/wp-json\/wp\/v2\/product_tag?post=1263"}],"curies":[{"name":"wp","href":"https:\/\/api.w.org\/{rel}","templated":true}]}}