{"id":1246,"date":"2016-05-06T09:40:34","date_gmt":"2016-05-06T07:40:34","guid":{"rendered":"http:\/\/novalim.net\/obchod\/bezlepkova-struhanka-pecivova\/"},"modified":"2026-03-21T15:28:43","modified_gmt":"2026-03-21T13:28:43","slug":"bezlepkova-struhanka-pecivova","status":"publish","type":"product","link":"https:\/\/novalim.net\/eshop\/obchod\/bezglutenove-polotovary-polotovar\/bezlepkova-struhanka-pecivova\/","title":{"rendered":"STR\u00daHANKA bezglut\u00e9n. Pe\u010divov\u00e1"},"content":{"rendered":"<p>Bezglut\u00e9nov\u00e1 STR\u00daHANKA pe\u010divov\u00e1 \u2013 jemn\u00e1 str\u00fahanka z kysnut\u00e9ho bezlepkov\u00e9ho pe\u010diva, vhodn\u00e1 na oba\u013eovanie a vysm\u00e1\u017eanie rez\u0148ov, syra, zeleniny a pod.<br \/>\nJe vyroben\u00e1<strong> z prirodzene bezlepkov\u00fdch<\/strong> a bezp\u0161eni\u010dn\u00fdch surov\u00edn. Vhodn\u00e1 pre v\u00fd\u017eivu pri celiakii, resp. sprue.<br \/>\nBalenie: 350g<\/p>\n<p><strong>Inform\u00e1cie o v\u00fdrobku:<\/strong><\/p>\n<p>Zlo\u017eenie:<br \/>\nzemiakov\u00fd \u0161krob, kukuri\u010dn\u00fd \u0161krob, ry\u017eov\u00e1 m\u00faka, <strong>s\u00f3jov\u00e1 m\u00faka<\/strong>, rastlinn\u00fd olej &#8211; palmov\u00fd, gu\u00e1rov\u00e1 m\u00faka, emulg\u00e1tor E471, zahus\u0165ovadlo E466, dro\u017edie, cukor, jedl\u00e1 so\u013e, ocot<br \/>\nGluten &lt; 20 mg\/kg<\/p>\n<p>100 g v\u00fdrobku priemerne obsahuje:<br \/>\n<strong>Energetick\u00e1 hodnota: <\/strong>1588 kJ; 375 kcal; <strong>Tuky:<\/strong> 3,4 g z toho 2,0 g nas\u00fdten\u00e9 mastn\u00e9 kyseliny; <strong>Sacharidy:<\/strong> 81,1 g z toho 3,3 g cukry; <strong>Vl\u00e1knina:<\/strong> 3,4 g; <strong>Bielkoviny:<\/strong> 3,3 g; <strong>So\u013e:<\/strong> 1,75 g;<\/p>\n","protected":false},"excerpt":{"rendered":"<p>Bezglut\u00e9nov\u00e1 STR\u00daHANKA pe\u010divov\u00e1 \u2013 jemn\u00e1 str\u00fahanka z kysnut\u00e9ho bezlepkov\u00e9ho pe\u010diva, vhodn\u00e1 na oba\u013eovanie a vysm\u00e1\u017eanie rez\u0148ov, syra, zeleniny a pod.<br \/>\nJe vyroben\u00e1<strong> z prirodzene bezlepkov\u00fdch<\/strong> a bezp\u0161eni\u010dn\u00fdch surov\u00edn. Vhodn\u00e1 pre v\u00fd\u017eivu pri celiakii, resp. sprue.<\/p>\n","protected":false},"featured_media":7953,"comment_status":"closed","ping_status":"closed","template":"","meta":{"site-sidebar-layout":"default","site-content-layout":"","ast-site-content-layout":"default","site-content-style":"default","site-sidebar-style":"default","ast-global-header-display":"","ast-banner-title-visibility":"","ast-main-header-display":"","ast-hfb-above-header-display":"","ast-hfb-below-header-display":"","ast-hfb-mobile-header-display":"","site-post-title":"","ast-breadcrumbs-content":"","ast-featured-img":"","footer-sml-layout":"","theme-transparent-header-meta":"default","adv-header-id-meta":"","stick-header-meta":"","header-above-stick-meta":"","header-main-stick-meta":"","header-below-stick-meta":"","astra-migrate-meta-layouts":"set","ast-page-background-enabled":"default","ast-page-background-meta":{"desktop":{"background-color":"var(--ast-global-color-4)","background-image":"","background-repeat":"repeat","background-position":"center center","background-size":"auto","background-attachment":"scroll","background-type":"","background-media":"","overlay-type":"","overlay-color":"","overlay-opacity":"","overlay-gradient":""},"tablet":{"background-color":"","background-image":"","background-repeat":"repeat","background-position":"center center","background-size":"auto","background-attachment":"scroll","background-type":"","background-media":"","overlay-type":"","overlay-color":"","overlay-opacity":"","overlay-gradient":""},"mobile":{"background-color":"","background-image":"","background-repeat":"repeat","background-position":"center center","background-size":"auto","background-attachment":"scroll","background-type":"","background-media":"","overlay-type":"","overlay-color":"","overlay-opacity":"","overlay-gradient":""}},"ast-content-background-meta":{"desktop":{"background-color":"var(--ast-global-color-5)","background-image":"","background-repeat":"repeat","background-position":"center center","background-size":"auto","background-attachment":"scroll","background-type":"","background-media":"","overlay-type":"","overlay-color":"","overlay-opacity":"","overlay-gradient":""},"tablet":{"background-color":"var(--ast-global-color-5)","background-image":"","background-repeat":"repeat","background-position":"center center","background-size":"auto","background-attachment":"scroll","background-type":"","background-media":"","overlay-type":"","overlay-color":"","overlay-opacity":"","overlay-gradient":""},"mobile":{"background-color":"var(--ast-global-color-5)","background-image":"","background-repeat":"repeat","background-position":"center center","background-size":"auto","background-attachment":"scroll","background-type":"","background-media":"","overlay-type":"","overlay-color":"","overlay-opacity":"","overlay-gradient":""}}},"product_brand":[],"product_cat":[228],"product_tag":[229],"class_list":{"0":"post-1246","1":"product","2":"type-product","3":"status-publish","4":"has-post-thumbnail","6":"product_cat-bezglutenove-polotovary-polotovar","7":"product_tag-struhanka","8":"desktop-align-left","9":"tablet-align-left","10":"mobile-align-left","12":"first","13":"onbackorder","14":"taxable","15":"shipping-taxable","16":"purchasable","17":"product-type-simple"},"jetpack_sharing_enabled":true,"_links":{"self":[{"href":"https:\/\/novalim.net\/eshop\/wp-json\/wp\/v2\/product\/1246","targetHints":{"allow":["GET"]}}],"collection":[{"href":"https:\/\/novalim.net\/eshop\/wp-json\/wp\/v2\/product"}],"about":[{"href":"https:\/\/novalim.net\/eshop\/wp-json\/wp\/v2\/types\/product"}],"replies":[{"embeddable":true,"href":"https:\/\/novalim.net\/eshop\/wp-json\/wp\/v2\/comments?post=1246"}],"wp:featuredmedia":[{"embeddable":true,"href":"https:\/\/novalim.net\/eshop\/wp-json\/wp\/v2\/media\/7953"}],"wp:attachment":[{"href":"https:\/\/novalim.net\/eshop\/wp-json\/wp\/v2\/media?parent=1246"}],"wp:term":[{"taxonomy":"product_brand","embeddable":true,"href":"https:\/\/novalim.net\/eshop\/wp-json\/wp\/v2\/product_brand?post=1246"},{"taxonomy":"product_cat","embeddable":true,"href":"https:\/\/novalim.net\/eshop\/wp-json\/wp\/v2\/product_cat?post=1246"},{"taxonomy":"product_tag","embeddable":true,"href":"https:\/\/novalim.net\/eshop\/wp-json\/wp\/v2\/product_tag?post=1246"}],"curies":[{"name":"wp","href":"https:\/\/api.w.org\/{rel}","templated":true}]}}