{"id":1244,"date":"2016-05-06T09:40:34","date_gmt":"2016-05-06T07:40:34","guid":{"rendered":"http:\/\/novalim.net\/obchod\/bezlepkovy-muffin-v-pra%c2%9aku\/"},"modified":"2026-01-05T11:51:46","modified_gmt":"2026-01-05T09:51:46","slug":"bezlepkovy-muffin-v-prasku","status":"publish","type":"product","link":"https:\/\/novalim.net\/eshop\/obchod\/bezglutenove-polotovary-polotovar\/bezlepkovy-muffin-v-prasku\/","title":{"rendered":"Muffin classic bezglut\u00e9nov\u00fd v pr\u00e1\u0161ku"},"content":{"rendered":"<p>MUFFIN \u2013 zmes, pri ktorej nie je potrebn\u00e9 pou\u017ei\u0165 vaj\u00ed\u010dka. Sta\u010d\u00ed prida\u0165 olej a vodu, pod\u013ea chuti sekan\u00e9 ovocie, orie\u0161ky, \u010dokol\u00e1du, dobre vymie\u0161a\u0165 a upiec\u0165.<br \/>\nZmes je vyroben\u00e1 <strong>z prirodzene bezlepkov\u00fdch<\/strong> a bezp\u0161eni\u010dn\u00fdch surov\u00edn. Je vhodn\u00e1 pre v\u00fd\u017eivu pri celiakii, resp. sprue.<\/p>\n<p>Balenie: 300 g (6 ks ve\u013ek\u00fdch alebo 12 men\u0161\u00edch)<\/p>\n<p><strong>Inform\u00e1cie o v\u00fdrobku:<\/strong><\/p>\n<p>Zlo\u017eenie:<br \/>\nry\u017eov\u00e1 m\u00faka, cukor, kukuri\u010dn\u00fd \u0161krob, zemiakov\u00fd \u0161krob, hrachov\u00e1 bielkovina, tapiokov\u00fd \u0161krob, vanil\u00ednov\u00fd cukor, zahus\u0165ovadlo: gu\u00e1rov\u00e1 m\u00faka a E466, kypriace l\u00e1tky E450, E500; bambusov\u00e1 vl\u00e1knina, jedl\u00e1 so\u013e, emulg\u00e1tor E471<br \/>\n<strong>(Glut\u00e9n &lt; 20 mg\/kg)<\/strong><\/p>\n<p>100 g v\u00fdrobku priemerne obsahuje:<br \/>\n<strong>Energetick\u00e1 hodnota: <\/strong>1602 kJ; 377 kcal; <strong>Tuky:<\/strong> 0,5 g z toho 0,07 g nas\u00fdten\u00e9 mastn\u00e9 kyseliny; <strong>Sacharidy:<\/strong> 86,9 g z toho 34,0 g cukry; <strong>Vl\u00e1knina:<\/strong> 1,6 g; <strong>Bielkoviny:<\/strong> 5,5 g; <strong>So\u013e:<\/strong> 1,3 g;<\/p>\n","protected":false},"excerpt":{"rendered":"<p>MUFFIN \u2013 zmes, pri ktorej nie je potrebn\u00e9 pou\u017ei\u0165 vaj\u00ed\u010dka. Sta\u010d\u00ed prida\u0165 olej a vodu, pod\u013ea chuti sekan\u00e9 ovocie, orie\u0161ky, \u010dokol\u00e1du, dobre vymie\u0161a\u0165 a upiec\u0165.<br \/>\nZmes je vyroben\u00e1 <strong>z prirodzene bezlepkov\u00fdch<\/strong> a bezp\u0161eni\u010dn\u00fdch surov\u00edn. Je vhodn\u00e1 pre v\u00fd\u017eivu pri celiakii, resp. sprue.<\/p>\n","protected":false},"featured_media":7938,"comment_status":"closed","ping_status":"closed","template":"","meta":{"site-sidebar-layout":"default","site-content-layout":"","ast-site-content-layout":"","site-content-style":"default","site-sidebar-style":"default","ast-global-header-display":"","ast-banner-title-visibility":"","ast-main-header-display":"","ast-hfb-above-header-display":"","ast-hfb-below-header-display":"","ast-hfb-mobile-header-display":"","site-post-title":"","ast-breadcrumbs-content":"","ast-featured-img":"","footer-sml-layout":"","theme-transparent-header-meta":"","adv-header-id-meta":"","stick-header-meta":"","header-above-stick-meta":"","header-main-stick-meta":"","header-below-stick-meta":"","astra-migrate-meta-layouts":"default","ast-page-background-enabled":"default","ast-page-background-meta":{"desktop":{"background-color":"var(--ast-global-color-4)","background-image":"","background-repeat":"repeat","background-position":"center center","background-size":"auto","background-attachment":"scroll","background-type":"","background-media":"","overlay-type":"","overlay-color":"","overlay-opacity":"","overlay-gradient":""},"tablet":{"background-color":"","background-image":"","background-repeat":"repeat","background-position":"center center","background-size":"auto","background-attachment":"scroll","background-type":"","background-media":"","overlay-type":"","overlay-color":"","overlay-opacity":"","overlay-gradient":""},"mobile":{"background-color":"","background-image":"","background-repeat":"repeat","background-position":"center center","background-size":"auto","background-attachment":"scroll","background-type":"","background-media":"","overlay-type":"","overlay-color":"","overlay-opacity":"","overlay-gradient":""}},"ast-content-background-meta":{"desktop":{"background-color":"var(--ast-global-color-5)","background-image":"","background-repeat":"repeat","background-position":"center center","background-size":"auto","background-attachment":"scroll","background-type":"","background-media":"","overlay-type":"","overlay-color":"","overlay-opacity":"","overlay-gradient":""},"tablet":{"background-color":"var(--ast-global-color-5)","background-image":"","background-repeat":"repeat","background-position":"center center","background-size":"auto","background-attachment":"scroll","background-type":"","background-media":"","overlay-type":"","overlay-color":"","overlay-opacity":"","overlay-gradient":""},"mobile":{"background-color":"var(--ast-global-color-5)","background-image":"","background-repeat":"repeat","background-position":"center center","background-size":"auto","background-attachment":"scroll","background-type":"","background-media":"","overlay-type":"","overlay-color":"","overlay-opacity":"","overlay-gradient":""}}},"product_brand":[],"product_cat":[228],"product_tag":[],"class_list":{"0":"post-1244","1":"product","2":"type-product","3":"status-publish","4":"has-post-thumbnail","6":"product_cat-bezglutenove-polotovary-polotovar","7":"desktop-align-left","8":"tablet-align-left","9":"mobile-align-left","11":"first","12":"onbackorder","13":"taxable","14":"shipping-taxable","15":"purchasable","16":"product-type-simple"},"jetpack_sharing_enabled":true,"_links":{"self":[{"href":"https:\/\/novalim.net\/eshop\/wp-json\/wp\/v2\/product\/1244","targetHints":{"allow":["GET"]}}],"collection":[{"href":"https:\/\/novalim.net\/eshop\/wp-json\/wp\/v2\/product"}],"about":[{"href":"https:\/\/novalim.net\/eshop\/wp-json\/wp\/v2\/types\/product"}],"replies":[{"embeddable":true,"href":"https:\/\/novalim.net\/eshop\/wp-json\/wp\/v2\/comments?post=1244"}],"wp:featuredmedia":[{"embeddable":true,"href":"https:\/\/novalim.net\/eshop\/wp-json\/wp\/v2\/media\/7938"}],"wp:attachment":[{"href":"https:\/\/novalim.net\/eshop\/wp-json\/wp\/v2\/media?parent=1244"}],"wp:term":[{"taxonomy":"product_brand","embeddable":true,"href":"https:\/\/novalim.net\/eshop\/wp-json\/wp\/v2\/product_brand?post=1244"},{"taxonomy":"product_cat","embeddable":true,"href":"https:\/\/novalim.net\/eshop\/wp-json\/wp\/v2\/product_cat?post=1244"},{"taxonomy":"product_tag","embeddable":true,"href":"https:\/\/novalim.net\/eshop\/wp-json\/wp\/v2\/product_tag?post=1244"}],"curies":[{"name":"wp","href":"https:\/\/api.w.org\/{rel}","templated":true}]}}