{"id":1242,"date":"2016-05-06T09:40:34","date_gmt":"2016-05-06T07:40:34","guid":{"rendered":"http:\/\/novalim.net\/obchod\/bezlepkova-knedza-v-pra%c2%9aku\/"},"modified":"2026-04-24T21:49:39","modified_gmt":"2026-04-24T19:49:39","slug":"bezlepkova-knedla-v-prasku","status":"publish","type":"product","link":"https:\/\/novalim.net\/eshop\/obchod\/bezglutenove-polotovary-polotovar\/bezlepkova-knedla-v-prasku\/","title":{"rendered":"Bezglut\u00e9nov\u00e1  knedla v pr\u00e1\u0161ku"},"content":{"rendered":"<p>Bezglut\u00e9nov\u00e1 KNED\u013dA v pr\u00e1\u0161ku &#8211; nekysnut\u00e1 r\u00fdchla kned\u013ea ako pr\u00edloha k m\u00e4sov\u00fdm jedl\u00e1m. Zmes sa zmie\u0161a s vodou, vytvaruje do bochn\u00ed\u010dka a uvar\u00ed.<br \/>\nZmes je vyroben\u00e1 <strong>z prirodzene bezlepkov\u00fdch<\/strong> a bezp\u0161eni\u010dn\u00fdch surov\u00edn. Je vhodn\u00e1 pre v\u00fd\u017eivu pri celiakii, resp. sprue.<\/p>\n<p>Balenie: 250g<\/p>\n<p><strong>Inform\u00e1cie o v\u00fdrobku:<\/strong><\/p>\n<p>Zlo\u017eenie:<br \/>\nkukuri\u010dn\u00fd \u0161krob, zemiakov\u00fd \u0161krob, ry\u017eov\u00e1 m\u00faka, kukuri\u010dn\u00e1 m\u00faka, zemiakov\u00e1 m\u00faka, amarantov\u00e9 perli\u010dky, <strong>s\u00f3jov\u00e1 m\u00faka<\/strong>, gu\u00e1rov\u00e1 m\u00faka E412, jedl\u00e1 so\u013e, emulg\u00e1tor E471, kypridl\u00e1 E450, E500<\/p>\n<p>100 g v\u00fdrobku priemerne obsahuje:<br \/>\n<strong>Energetick\u00e1 hodnota:<\/strong> 1588 kJ, 375 kcal; <strong>Tuky:<\/strong> 1,9 g z toho 0,2 g nas\u00fdten\u00e9 mastn\u00e9 kyseliny; <strong>Sacharidy:<\/strong> 83,7 g z toho 0,4 g cukry; <strong>Vl\u00e1knina:<\/strong> 3,3 g; <strong>Bielkoviny:<\/strong> 4,0 g; <strong>So\u013e:<\/strong> 1,8 g;<\/p>\n","protected":false},"excerpt":{"rendered":"<p>Bezglut\u00e9nov\u00e1 KNED\u013dA v pr\u00e1\u0161ku &#8211; nekysnut\u00e1 r\u00fdchla kned\u013ea ako pr\u00edloha k m\u00e4sov\u00fdm jedl\u00e1m. Zmes sa zmie\u0161a s vodou, vytvaruje do bochn\u00ed\u010dka a uvar\u00ed.<br \/>\nZmes je vyroben\u00e1<strong> z prirodzene bezlepkov\u00fdch<\/strong> a bezp\u0161eni\u010dn\u00fdch surov\u00edn. Je vhodn\u00e1 pre v\u00fd\u017eivu pri celiakii, resp. sprue.<\/p>\n","protected":false},"featured_media":7928,"comment_status":"closed","ping_status":"closed","template":"","meta":{"site-sidebar-layout":"default","site-content-layout":"","ast-site-content-layout":"","site-content-style":"default","site-sidebar-style":"default","ast-global-header-display":"","ast-banner-title-visibility":"","ast-main-header-display":"","ast-hfb-above-header-display":"","ast-hfb-below-header-display":"","ast-hfb-mobile-header-display":"","site-post-title":"","ast-breadcrumbs-content":"","ast-featured-img":"","footer-sml-layout":"","theme-transparent-header-meta":"","adv-header-id-meta":"","stick-header-meta":"","header-above-stick-meta":"","header-main-stick-meta":"","header-below-stick-meta":"","astra-migrate-meta-layouts":"default","ast-page-background-enabled":"default","ast-page-background-meta":{"desktop":{"background-color":"var(--ast-global-color-4)","background-image":"","background-repeat":"repeat","background-position":"center center","background-size":"auto","background-attachment":"scroll","background-type":"","background-media":"","overlay-type":"","overlay-color":"","overlay-opacity":"","overlay-gradient":""},"tablet":{"background-color":"","background-image":"","background-repeat":"repeat","background-position":"center center","background-size":"auto","background-attachment":"scroll","background-type":"","background-media":"","overlay-type":"","overlay-color":"","overlay-opacity":"","overlay-gradient":""},"mobile":{"background-color":"","background-image":"","background-repeat":"repeat","background-position":"center center","background-size":"auto","background-attachment":"scroll","background-type":"","background-media":"","overlay-type":"","overlay-color":"","overlay-opacity":"","overlay-gradient":""}},"ast-content-background-meta":{"desktop":{"background-color":"var(--ast-global-color-5)","background-image":"","background-repeat":"repeat","background-position":"center center","background-size":"auto","background-attachment":"scroll","background-type":"","background-media":"","overlay-type":"","overlay-color":"","overlay-opacity":"","overlay-gradient":""},"tablet":{"background-color":"var(--ast-global-color-5)","background-image":"","background-repeat":"repeat","background-position":"center center","background-size":"auto","background-attachment":"scroll","background-type":"","background-media":"","overlay-type":"","overlay-color":"","overlay-opacity":"","overlay-gradient":""},"mobile":{"background-color":"var(--ast-global-color-5)","background-image":"","background-repeat":"repeat","background-position":"center center","background-size":"auto","background-attachment":"scroll","background-type":"","background-media":"","overlay-type":"","overlay-color":"","overlay-opacity":"","overlay-gradient":""}}},"product_brand":[],"product_cat":[228],"product_tag":[],"class_list":{"0":"post-1242","1":"product","2":"type-product","3":"status-publish","4":"has-post-thumbnail","6":"product_cat-bezglutenove-polotovary-polotovar","7":"desktop-align-left","8":"tablet-align-left","9":"mobile-align-left","11":"first","12":"instock","13":"taxable","14":"shipping-taxable","15":"purchasable","16":"product-type-simple"},"jetpack_sharing_enabled":true,"_links":{"self":[{"href":"https:\/\/novalim.net\/eshop\/wp-json\/wp\/v2\/product\/1242","targetHints":{"allow":["GET"]}}],"collection":[{"href":"https:\/\/novalim.net\/eshop\/wp-json\/wp\/v2\/product"}],"about":[{"href":"https:\/\/novalim.net\/eshop\/wp-json\/wp\/v2\/types\/product"}],"replies":[{"embeddable":true,"href":"https:\/\/novalim.net\/eshop\/wp-json\/wp\/v2\/comments?post=1242"}],"wp:featuredmedia":[{"embeddable":true,"href":"https:\/\/novalim.net\/eshop\/wp-json\/wp\/v2\/media\/7928"}],"wp:attachment":[{"href":"https:\/\/novalim.net\/eshop\/wp-json\/wp\/v2\/media?parent=1242"}],"wp:term":[{"taxonomy":"product_brand","embeddable":true,"href":"https:\/\/novalim.net\/eshop\/wp-json\/wp\/v2\/product_brand?post=1242"},{"taxonomy":"product_cat","embeddable":true,"href":"https:\/\/novalim.net\/eshop\/wp-json\/wp\/v2\/product_cat?post=1242"},{"taxonomy":"product_tag","embeddable":true,"href":"https:\/\/novalim.net\/eshop\/wp-json\/wp\/v2\/product_tag?post=1242"}],"curies":[{"name":"wp","href":"https:\/\/api.w.org\/{rel}","templated":true}]}}