{"id":1238,"date":"2016-05-06T09:40:34","date_gmt":"2016-05-06T07:40:34","guid":{"rendered":"http:\/\/novalim.net\/obchod\/promix-z-pk-%c2%9apecial-bezlepkova-zmes-na-pecivo\/"},"modified":"2026-03-29T23:02:02","modified_gmt":"2026-03-29T21:02:02","slug":"promix-pk-special-bezlepkova-zmes-na-pecivo-2","status":"publish","type":"product","link":"https:\/\/novalim.net\/eshop\/obchod\/muky\/bezglutenove-mucne-zmesi\/promix-pk-special-bezlepkova-zmes-na-pecivo-2\/","title":{"rendered":"PROMIX &#8211; PK \u0161peci\u00e1l, bezgl.zmes na pe\u010divo"},"content":{"rendered":"<p>PROMIX\u00ae-PK \u0161peci\u00e1l\u2013 bezglut\u00e9nov\u00e1 m\u00fa\u010dna zmes vyroben\u00e1<strong> z prirodzene bezlepkov\u00fdch<\/strong> a bezp\u0161eni\u010dn\u00fdch surov\u00edn. Je ur\u010den\u00e1 na pr\u00edpravu bezglut\u00e9nov\u00e9ho jemn\u00e9ho pe\u010diva, z\u00e1kuskov, pi\u0161k\u00f3t ako aj chleba a na be\u017en\u00e9 kulin\u00e1rske pou\u017eitie \u2013 pr\u00edpravu z\u00e1sma\u017eky a zahus\u0165ovanie pokrmov.<br \/>\nNEOBSAHUJE: MLIEKO, LAKT\u00d3ZU , S\u00d3JU, P\u0160ENI\u010cN\u00dd \u0160KROB, REPN\u00dd CUKOR<br \/>\nPotravina je ur\u010den\u00e1 aj pre zvl\u00e1\u0161tnu v\u00fd\u017eivu, pre osoby s nezn\u00e1\u0161anlivos\u0165ou lepku.<\/p>\n<p>Balenie: 1 kg<\/p>\n<p><strong>Inform\u00e1cie o v\u00fdrobku:<\/strong><\/p>\n<p>Zlo\u017eenie:<br \/>\nkukuri\u010dn\u00fd \u0161krob, ry\u017eov\u00e1 m\u00faka, <strong>m\u00faka z vl\u010dieho b\u00f4bu<\/strong>, zahus\u0165ovadlo: gu\u00e1rov\u00e1 m\u00faka a E464 , rastlinn\u00e1 vl\u00e1knina, emulg\u00e1tor E481.<br \/>\n(glut\u00e9n &lt; 20mg\/kg)<\/p>\n<p>100 g v\u00fdrobku priemerne obsahuje:<br \/>\n<strong>Energetick\u00e1 hodnota:<\/strong> 1513 kJ, 357 kcal; <strong>Tuky:<\/strong> 0,9 g z toho 0,03 g nas\u00fdten\u00e9 mastn\u00e9 kyseliny; <strong>Sacharidy:<\/strong> 81,3 g z toho 0,1 g cukry; <strong>Vl\u00e1knina:<\/strong> 4,8 g; <strong>Bielkoviny:<\/strong> 3,5 g; <strong>So\u013e:<\/strong> 0,02 g;<\/p>\n","protected":false},"excerpt":{"rendered":"<p>PROMIX\u00ae-PK \u0161peci\u00e1l\u2013 bezglut\u00e9nov\u00e1 m\u00fa\u010dna zmes vyroben\u00e1<strong> z prirodzene bezlepkov\u00fdch<\/strong> a bezp\u0161eni\u010dn\u00fdch surov\u00edn.<br \/>\nJe ur\u010den\u00e1 na pr\u00edpravu bezglut\u00e9nov\u00e9ho jemn\u00e9ho pe\u010diva, z\u00e1kuskov, pi\u0161k\u00f3t ako aj chleba a na be\u017en\u00e9 kulin\u00e1rske pou\u017eitie \u2013 pr\u00edpravu z\u00e1sma\u017eky a zahus\u0165ovanie pokrmov.<br \/>\nNEOBSAHUJE: MLIEKO, LAKT\u00d3ZU , S\u00d3JU, P\u0160ENI\u010cN\u00dd \u0160KROB, REPN\u00dd CUKOR<\/p>\n","protected":false},"featured_media":10189,"comment_status":"closed","ping_status":"closed","template":"","meta":{"site-sidebar-layout":"default","site-content-layout":"","ast-site-content-layout":"","site-content-style":"default","site-sidebar-style":"default","ast-global-header-display":"","ast-banner-title-visibility":"","ast-main-header-display":"","ast-hfb-above-header-display":"","ast-hfb-below-header-display":"","ast-hfb-mobile-header-display":"","site-post-title":"","ast-breadcrumbs-content":"","ast-featured-img":"","footer-sml-layout":"","theme-transparent-header-meta":"","adv-header-id-meta":"","stick-header-meta":"","header-above-stick-meta":"","header-main-stick-meta":"","header-below-stick-meta":"","astra-migrate-meta-layouts":"default","ast-page-background-enabled":"default","ast-page-background-meta":{"desktop":{"background-color":"var(--ast-global-color-4)","background-image":"","background-repeat":"repeat","background-position":"center center","background-size":"auto","background-attachment":"scroll","background-type":"","background-media":"","overlay-type":"","overlay-color":"","overlay-opacity":"","overlay-gradient":""},"tablet":{"background-color":"","background-image":"","background-repeat":"repeat","background-position":"center center","background-size":"auto","background-attachment":"scroll","background-type":"","background-media":"","overlay-type":"","overlay-color":"","overlay-opacity":"","overlay-gradient":""},"mobile":{"background-color":"","background-image":"","background-repeat":"repeat","background-position":"center center","background-size":"auto","background-attachment":"scroll","background-type":"","background-media":"","overlay-type":"","overlay-color":"","overlay-opacity":"","overlay-gradient":""}},"ast-content-background-meta":{"desktop":{"background-color":"var(--ast-global-color-5)","background-image":"","background-repeat":"repeat","background-position":"center center","background-size":"auto","background-attachment":"scroll","background-type":"","background-media":"","overlay-type":"","overlay-color":"","overlay-opacity":"","overlay-gradient":""},"tablet":{"background-color":"var(--ast-global-color-5)","background-image":"","background-repeat":"repeat","background-position":"center center","background-size":"auto","background-attachment":"scroll","background-type":"","background-media":"","overlay-type":"","overlay-color":"","overlay-opacity":"","overlay-gradient":""},"mobile":{"background-color":"var(--ast-global-color-5)","background-image":"","background-repeat":"repeat","background-position":"center center","background-size":"auto","background-attachment":"scroll","background-type":"","background-media":"","overlay-type":"","overlay-color":"","overlay-opacity":"","overlay-gradient":""}}},"product_brand":[],"product_cat":[31,62],"product_tag":[],"class_list":{"0":"post-1238","1":"product","2":"type-product","3":"status-publish","4":"has-post-thumbnail","6":"product_cat-bezglutenove-mucne-zmesi","7":"product_cat-muky","8":"desktop-align-left","9":"tablet-align-left","10":"mobile-align-left","12":"first","13":"instock","14":"taxable","15":"shipping-taxable","16":"purchasable","17":"product-type-simple"},"jetpack_sharing_enabled":true,"_links":{"self":[{"href":"https:\/\/novalim.net\/eshop\/wp-json\/wp\/v2\/product\/1238","targetHints":{"allow":["GET"]}}],"collection":[{"href":"https:\/\/novalim.net\/eshop\/wp-json\/wp\/v2\/product"}],"about":[{"href":"https:\/\/novalim.net\/eshop\/wp-json\/wp\/v2\/types\/product"}],"replies":[{"embeddable":true,"href":"https:\/\/novalim.net\/eshop\/wp-json\/wp\/v2\/comments?post=1238"}],"wp:featuredmedia":[{"embeddable":true,"href":"https:\/\/novalim.net\/eshop\/wp-json\/wp\/v2\/media\/10189"}],"wp:attachment":[{"href":"https:\/\/novalim.net\/eshop\/wp-json\/wp\/v2\/media?parent=1238"}],"wp:term":[{"taxonomy":"product_brand","embeddable":true,"href":"https:\/\/novalim.net\/eshop\/wp-json\/wp\/v2\/product_brand?post=1238"},{"taxonomy":"product_cat","embeddable":true,"href":"https:\/\/novalim.net\/eshop\/wp-json\/wp\/v2\/product_cat?post=1238"},{"taxonomy":"product_tag","embeddable":true,"href":"https:\/\/novalim.net\/eshop\/wp-json\/wp\/v2\/product_tag?post=1238"}],"curies":[{"name":"wp","href":"https:\/\/api.w.org\/{rel}","templated":true}]}}