{"id":1234,"date":"2016-05-06T09:40:34","date_gmt":"2016-05-06T07:40:34","guid":{"rendered":"http:\/\/novalim.net\/obchod\/promixz-uni-univerzalna-bezlepkova-muka\/"},"modified":"2026-04-18T17:36:48","modified_gmt":"2026-04-18T15:36:48","slug":"promix-uni-univerzalna-bezlepkova-muka","status":"publish","type":"product","link":"https:\/\/novalim.net\/eshop\/obchod\/muky\/bezglutenove-mucne-zmesi\/promix-uni-univerzalna-bezlepkova-muka\/","title":{"rendered":"PROMIX &#8211; UNI, univerz\u00e1lna bezglut. M\u00faka"},"content":{"rendered":"<p>PROMIX\u00ae-UNI \u2013 univerz\u00e1lna bezglut\u00e9nov\u00e1 m\u00faka je vyroben\u00e1 <strong>z prirodzene bezlepkov\u00fdch<\/strong> a bezp\u0161eni\u010dn\u00fdch surov\u00edn. Je vhodn\u00e1 pre takmer v\u0161etky bezlepkov\u00e9 di\u00e9ty \u2013 neobsahuje mlie\u010dne bielkoviny, lakt\u00f3zu, so\u013e ani repn\u00fd cukor. Je vhodn\u00e1 na pe\u010denie vo forme i bez formy \u2013 na chlieb i pe\u010divo. M\u00fa\u010dna zmes je vhodn\u00e1 na pr\u00edpravu bezlepkov\u00e9ho svetl\u00e9ho chleba, pe\u010diva, jemn\u00e9ho pe\u010diva, z\u00e1kuskov ako aj na be\u017en\u00e9 pou\u017eitie v kuchyni- z\u00e1sma\u017eka, zahus\u0165ovanie, be\u0161amel ap.<br \/>\nBalenie: 1 kg<\/p>\n<p><strong>Inform\u00e1cie o v\u00fdrobku:<\/strong><\/p>\n<p>Zlo\u017eenie:<br \/>\nzemiakov\u00fd \u0161krob, kukuri\u010dn\u00fd \u0161krob, ry\u017eov\u00e1 m\u00faka,<strong> s\u00f3jov\u00e1 m\u00faka<\/strong>, zahus\u0165ovadl\u00e1: gu\u00e1rov\u00e1 m\u00faka a E466; emulg\u00e1tor E471<\/p>\n<p>100 g v\u00fdrobku priemerne obsahuje:<br \/>\n<strong>Energetick\u00e1 hodnota:<\/strong> 1576 kJ, 372 kcal; <strong>Tuky:<\/strong> 1,6 g z toho 0,13 g nas\u00fdten\u00e9 mastn\u00e9 kyseliny; <strong>Sacharidy:<\/strong> 84,8 g z toho 0,25 g cukry; <strong>Vl\u00e1knina:<\/strong> 3,0 g; <strong>Bielkoviny:<\/strong> 3,1 g; <strong>So\u013e:<\/strong> 0,02 g;<\/p>\n","protected":false},"excerpt":{"rendered":"<p>PROMIX\u00ae-UNI \u2013 univerz\u00e1lna bezglut\u00e9nov\u00e1 m\u00faka je vyroben\u00e1 <strong>z prirodzene bezlepkov\u00fdch<\/strong> a bezp\u0161eni\u010dn\u00fdch surov\u00edn. Je vhodn\u00e1 pre takmer v\u0161etky bezlepkov\u00e9 di\u00e9ty \u2013 neobsahuje mlie\u010dne bielkoviny, lakt\u00f3zu, so\u013e ani repn\u00fd cukor. Je vhodn\u00e1 na pe\u010denie vo forme i bez formy \u2013 na chlieb i pe\u010divo. M\u00fa\u010dna zmes je vhodn\u00e1 na pr\u00edpravu bezlepkov\u00e9ho svetl\u00e9ho chleba, pe\u010diva, jemn\u00e9ho pe\u010diva, z\u00e1kuskov ako aj na be\u017en\u00e9 pou\u017eitie v kuchyni- z\u00e1sma\u017eka, zahus\u0165ovanie, be\u0161amel ap.<\/p>\n","protected":false},"featured_media":10199,"comment_status":"closed","ping_status":"closed","template":"","meta":{"site-sidebar-layout":"default","site-content-layout":"","ast-site-content-layout":"","site-content-style":"default","site-sidebar-style":"default","ast-global-header-display":"","ast-banner-title-visibility":"","ast-main-header-display":"","ast-hfb-above-header-display":"","ast-hfb-below-header-display":"","ast-hfb-mobile-header-display":"","site-post-title":"","ast-breadcrumbs-content":"","ast-featured-img":"","footer-sml-layout":"","theme-transparent-header-meta":"","adv-header-id-meta":"","stick-header-meta":"","header-above-stick-meta":"","header-main-stick-meta":"","header-below-stick-meta":"","astra-migrate-meta-layouts":"default","ast-page-background-enabled":"default","ast-page-background-meta":{"desktop":{"background-color":"var(--ast-global-color-4)","background-image":"","background-repeat":"repeat","background-position":"center center","background-size":"auto","background-attachment":"scroll","background-type":"","background-media":"","overlay-type":"","overlay-color":"","overlay-opacity":"","overlay-gradient":""},"tablet":{"background-color":"","background-image":"","background-repeat":"repeat","background-position":"center center","background-size":"auto","background-attachment":"scroll","background-type":"","background-media":"","overlay-type":"","overlay-color":"","overlay-opacity":"","overlay-gradient":""},"mobile":{"background-color":"","background-image":"","background-repeat":"repeat","background-position":"center center","background-size":"auto","background-attachment":"scroll","background-type":"","background-media":"","overlay-type":"","overlay-color":"","overlay-opacity":"","overlay-gradient":""}},"ast-content-background-meta":{"desktop":{"background-color":"var(--ast-global-color-5)","background-image":"","background-repeat":"repeat","background-position":"center center","background-size":"auto","background-attachment":"scroll","background-type":"","background-media":"","overlay-type":"","overlay-color":"","overlay-opacity":"","overlay-gradient":""},"tablet":{"background-color":"var(--ast-global-color-5)","background-image":"","background-repeat":"repeat","background-position":"center center","background-size":"auto","background-attachment":"scroll","background-type":"","background-media":"","overlay-type":"","overlay-color":"","overlay-opacity":"","overlay-gradient":""},"mobile":{"background-color":"var(--ast-global-color-5)","background-image":"","background-repeat":"repeat","background-position":"center center","background-size":"auto","background-attachment":"scroll","background-type":"","background-media":"","overlay-type":"","overlay-color":"","overlay-opacity":"","overlay-gradient":""}}},"product_brand":[],"product_cat":[31,62],"product_tag":[],"class_list":{"0":"post-1234","1":"product","2":"type-product","3":"status-publish","4":"has-post-thumbnail","6":"product_cat-bezglutenove-mucne-zmesi","7":"product_cat-muky","8":"desktop-align-left","9":"tablet-align-left","10":"mobile-align-left","12":"first","13":"instock","14":"taxable","15":"shipping-taxable","16":"purchasable","17":"product-type-simple"},"jetpack_sharing_enabled":true,"_links":{"self":[{"href":"https:\/\/novalim.net\/eshop\/wp-json\/wp\/v2\/product\/1234","targetHints":{"allow":["GET"]}}],"collection":[{"href":"https:\/\/novalim.net\/eshop\/wp-json\/wp\/v2\/product"}],"about":[{"href":"https:\/\/novalim.net\/eshop\/wp-json\/wp\/v2\/types\/product"}],"replies":[{"embeddable":true,"href":"https:\/\/novalim.net\/eshop\/wp-json\/wp\/v2\/comments?post=1234"}],"wp:featuredmedia":[{"embeddable":true,"href":"https:\/\/novalim.net\/eshop\/wp-json\/wp\/v2\/media\/10199"}],"wp:attachment":[{"href":"https:\/\/novalim.net\/eshop\/wp-json\/wp\/v2\/media?parent=1234"}],"wp:term":[{"taxonomy":"product_brand","embeddable":true,"href":"https:\/\/novalim.net\/eshop\/wp-json\/wp\/v2\/product_brand?post=1234"},{"taxonomy":"product_cat","embeddable":true,"href":"https:\/\/novalim.net\/eshop\/wp-json\/wp\/v2\/product_cat?post=1234"},{"taxonomy":"product_tag","embeddable":true,"href":"https:\/\/novalim.net\/eshop\/wp-json\/wp\/v2\/product_tag?post=1234"}],"curies":[{"name":"wp","href":"https:\/\/api.w.org\/{rel}","templated":true}]}}