{"id":1232,"date":"2017-02-22T23:48:48","date_gmt":"2017-02-22T21:48:48","guid":{"rendered":"http:\/\/novalim.net\/obchod\/promixz-ch-bezlepkova-mucna-zmes-na-chlieb\/"},"modified":"2026-01-05T11:51:46","modified_gmt":"2026-01-05T09:51:46","slug":"promix-ch-bezlepkova-mucna-zmes-na-chlieb","status":"publish","type":"product","link":"https:\/\/novalim.net\/eshop\/obchod\/muky\/bezglutenove-mucne-zmesi\/promix-ch-bezlepkova-mucna-zmes-na-chlieb\/","title":{"rendered":"PROMIX &#8211; CH, chlebov\u00e1 m\u00faka bezlepk."},"content":{"rendered":"<p>PROMIX\u00ae-CH \u2013 bezlepkov\u00e1 m\u00fa\u010dna zmes vyroben\u00e1 <strong>z prirodzene bezlepkov\u00fdch<\/strong> a nep\u0161eni\u010dn\u00fdch surov\u00edn. Je ur\u010den\u00e1 na pr\u00edpravu bezlepkov\u00e9ho svetl\u00e9ho rascov\u00e9ho chleba. Zmes u\u017e obsahuje cukor, so\u013e aj rascu. Treba prida\u0165 dro\u017edie a tuk, vodu. Cesto spracujeme elektrick\u00fdm \u0161\u013eaha\u010dom alebo ru\u010dne, a\u017e k\u00fdm nezostane hladk\u00e9, \u0165ahav\u00e9 a leskl\u00e9.<br \/>\nBalenie: 1 kg<\/p>\n<p>Inform\u00e1cie o v\u00fdrobku:<\/p>\n<p>Zlo\u017eenie:<br \/>\nzemiakov\u00fd \u0161krob, kukuri\u010dn\u00fd \u0161krob, zemiakov\u00e1 m\u00faka, <strong>s\u00f3jov\u00e1 m\u00faka<\/strong>, su\u0161en\u00e1 <strong>srv\u00e1tka<\/strong>, zahus\u0165ovadl\u00e1: gu\u00e1rov\u00e1 m\u00faka a E466; cukor, so\u013e, emulg\u00e1tor E471, rasca.<br \/>\n(glut\u00e9n &lt; 20 mg\/kg)<\/p>\n<p>100 g v\u00fdrobku priemerne obsahuje:<br \/>\n<strong>Energetick\u00e1 hodnota:<\/strong> 1579 kJ, 372 kcal; <strong>Tuky:<\/strong> 1,5 g z toho 0,08 g nas\u00fdten\u00e9 mastn\u00e9 kyseliny; <strong>Sacharidy:<\/strong> 87,3 g z toho 3,0 g cukry; <strong>Vl\u00e1knina:<\/strong> 1,9 g; <strong>Bielkoviny:<\/strong> 1,4 g; <strong>So\u013e:<\/strong> 1,55 g;<\/p>\n","protected":false},"excerpt":{"rendered":"<p>PROMIX\u00ae-CH \u2013 bezlepkov\u00e1 m\u00fa\u010dna zmes vyroben\u00e1 <strong>z prirodzene bezlepkov\u00fdch<\/strong> a nep\u0161eni\u010dn\u00fdch surov\u00edn. Je ur\u010den\u00e1 na pr\u00edpravu bezlepkov\u00e9ho svetl\u00e9ho rascov\u00e9ho chleba. Zmes u\u017e obsahuje cukor, so\u013e aj rascu. Treba prida\u0165 dro\u017edie a tuk (vodu). Cesto spracujeme elektrick\u00fdm \u0161\u013eaha\u010dom alebo ru\u010dne, a\u017e k\u00fdm nezostane hladk\u00e9, \u0165ahav\u00e9 a leskl\u00e9.<\/p>\n","protected":false},"featured_media":10179,"comment_status":"open","ping_status":"closed","template":"","meta":{"site-sidebar-layout":"default","site-content-layout":"","ast-site-content-layout":"","site-content-style":"default","site-sidebar-style":"default","ast-global-header-display":"","ast-banner-title-visibility":"","ast-main-header-display":"","ast-hfb-above-header-display":"","ast-hfb-below-header-display":"","ast-hfb-mobile-header-display":"","site-post-title":"","ast-breadcrumbs-content":"","ast-featured-img":"","footer-sml-layout":"","theme-transparent-header-meta":"","adv-header-id-meta":"","stick-header-meta":"","header-above-stick-meta":"","header-main-stick-meta":"","header-below-stick-meta":"","astra-migrate-meta-layouts":"default","ast-page-background-enabled":"default","ast-page-background-meta":{"desktop":{"background-color":"var(--ast-global-color-4)","background-image":"","background-repeat":"repeat","background-position":"center center","background-size":"auto","background-attachment":"scroll","background-type":"","background-media":"","overlay-type":"","overlay-color":"","overlay-opacity":"","overlay-gradient":""},"tablet":{"background-color":"","background-image":"","background-repeat":"repeat","background-position":"center center","background-size":"auto","background-attachment":"scroll","background-type":"","background-media":"","overlay-type":"","overlay-color":"","overlay-opacity":"","overlay-gradient":""},"mobile":{"background-color":"","background-image":"","background-repeat":"repeat","background-position":"center center","background-size":"auto","background-attachment":"scroll","background-type":"","background-media":"","overlay-type":"","overlay-color":"","overlay-opacity":"","overlay-gradient":""}},"ast-content-background-meta":{"desktop":{"background-color":"var(--ast-global-color-5)","background-image":"","background-repeat":"repeat","background-position":"center center","background-size":"auto","background-attachment":"scroll","background-type":"","background-media":"","overlay-type":"","overlay-color":"","overlay-opacity":"","overlay-gradient":""},"tablet":{"background-color":"var(--ast-global-color-5)","background-image":"","background-repeat":"repeat","background-position":"center center","background-size":"auto","background-attachment":"scroll","background-type":"","background-media":"","overlay-type":"","overlay-color":"","overlay-opacity":"","overlay-gradient":""},"mobile":{"background-color":"var(--ast-global-color-5)","background-image":"","background-repeat":"repeat","background-position":"center center","background-size":"auto","background-attachment":"scroll","background-type":"","background-media":"","overlay-type":"","overlay-color":"","overlay-opacity":"","overlay-gradient":""}}},"product_brand":[],"product_cat":[31,62],"product_tag":[],"class_list":{"0":"post-1232","1":"product","2":"type-product","3":"status-publish","4":"has-post-thumbnail","6":"product_cat-bezglutenove-mucne-zmesi","7":"product_cat-muky","8":"desktop-align-left","9":"tablet-align-left","10":"mobile-align-left","12":"first","13":"instock","14":"taxable","15":"shipping-taxable","16":"purchasable","17":"product-type-simple"},"jetpack_sharing_enabled":true,"_links":{"self":[{"href":"https:\/\/novalim.net\/eshop\/wp-json\/wp\/v2\/product\/1232","targetHints":{"allow":["GET"]}}],"collection":[{"href":"https:\/\/novalim.net\/eshop\/wp-json\/wp\/v2\/product"}],"about":[{"href":"https:\/\/novalim.net\/eshop\/wp-json\/wp\/v2\/types\/product"}],"replies":[{"embeddable":true,"href":"https:\/\/novalim.net\/eshop\/wp-json\/wp\/v2\/comments?post=1232"}],"wp:featuredmedia":[{"embeddable":true,"href":"https:\/\/novalim.net\/eshop\/wp-json\/wp\/v2\/media\/10179"}],"wp:attachment":[{"href":"https:\/\/novalim.net\/eshop\/wp-json\/wp\/v2\/media?parent=1232"}],"wp:term":[{"taxonomy":"product_brand","embeddable":true,"href":"https:\/\/novalim.net\/eshop\/wp-json\/wp\/v2\/product_brand?post=1232"},{"taxonomy":"product_cat","embeddable":true,"href":"https:\/\/novalim.net\/eshop\/wp-json\/wp\/v2\/product_cat?post=1232"},{"taxonomy":"product_tag","embeddable":true,"href":"https:\/\/novalim.net\/eshop\/wp-json\/wp\/v2\/product_tag?post=1232"}],"curies":[{"name":"wp","href":"https:\/\/api.w.org\/{rel}","templated":true}]}}