{"id":1228,"date":"2017-02-22T23:48:48","date_gmt":"2017-02-22T21:48:48","guid":{"rendered":"http:\/\/novalim.net\/obchod\/kukuricna-muka\/"},"modified":"2026-02-26T23:08:31","modified_gmt":"2026-02-26T21:08:31","slug":"kukuricna-muka","status":"publish","type":"product","link":"https:\/\/novalim.net\/eshop\/obchod\/muky\/prirodzene-bezglutenove-muky\/kukuricna-muka\/","title":{"rendered":"Kukuri\u010dn\u00e1 m\u00faka extra hladk\u00e1"},"content":{"rendered":"<p><strong>Kukuri\u010dn\u00e1 m\u00faka<\/strong> je <strong>prirodzene bezlepkov\u00e1<\/strong>. Je vhodn\u00e1 pre r\u00f4zne druhy di\u00e9t. Mo\u017eno ju pou\u017ei\u0165 na pr\u00edpravu kukuri\u010dnej ka\u0161e alebo ako pr\u00edsadu pri pr\u00edprave chleba, pe\u010diva alebo in\u00fdch v\u00fdrobkov.<\/p>\n<p>Balenie: 500g<\/p>\n<p>100 g v\u00fdrobku priemerne obsahuje:<br \/>\n<strong>Energetick\u00e1 hodnota:<\/strong> 1496 kJ, 373 kcal;<strong> Tuky:<\/strong> 1,7 g z toho 0,2 g nas\u00fdten\u00e9 mastn\u00e9 kyseliny; <strong>Sacharidy:<\/strong> 75,6 g z toho 1,6 g cukry; <strong>Vl\u00e1knina:<\/strong> 1,9 g; <strong>Bielkoviny:<\/strong> 7,8 g; <strong>So\u013e:<\/strong> 0,02 g;<\/p>\n<p><strong>Pr\u00edprava ka\u0161e:<\/strong><br \/>\n100g kukuri\u010dnej m\u00faky vsypeme postupne do \u00bd l vriacej mierne osolenej vody a za st\u00e1leho mie\u0161ania var\u00edme na miernom ohni 25-30 min\u00fat. Do e\u0161te teplej ka\u0161e vmie\u0161ame k\u00fasok masla, vylejeme na tanier a ochut\u00edme (\u0161koricov\u00fdm cukrom, komp\u00f3tom ap.).<\/p>\n<p><strong>Recept na kukuri\u010dn\u00e9 medovn\u00ed\u010dky: <\/strong><br \/>\n400 g kukuri\u010dnej m\u00faky, 150 g pr\u00e1\u0161kov\u00e9ho cukru, 1 \u010cL s\u00f3dy bikarb\u00f3ny, 1 \u010cL mletej \u0161korice a pol \u010cL mlet\u00fdch klin\u010dekov zmie\u0161ame, prid\u00e1me 60 g tuku, 100 g medu a 2 vajcia. Vypracujeme cesto, ktor\u00e9 nech\u00e1me odle\u017ea\u0165 cez noc v chladni\u010dke. Na posypanej doske vykrajujeme medovn\u00ed\u010dky, zdob\u00edme ich orechami a pe\u010dieme na 180 stup\u0148och asi 10 min\u00fat.<\/p>\n","protected":false},"excerpt":{"rendered":"<p>Kukuri\u010dn\u00e1 m\u00faka je prirodzene bezlepkov\u00e1. Mo\u017eno ju pou\u017ei\u0165 na pr\u00edpravu kukuri\u010dnej ka\u0161e alebo ako pr\u00edsadu pri pr\u00edprave chleba, pe\u010diva alebo in\u00fdch v\u00fdrobkov.<br \/>\nPotravina ur\u010den\u00e1 aj pre zvl\u00e1\u0161tnu v\u00fd\u017eivu, pre osoby s nezn\u00e1\u0161anlivos\u0165ou lepku. Vyroben\u00e1 z prirodzene bezlepkov\u00fdch a bezp\u0161eni\u010dn\u00fdch surov\u00edn.<br \/>\n(glut\u00e9n &lt; 20mg\/kg)<\/p>\n","protected":false},"featured_media":11477,"comment_status":"open","ping_status":"closed","template":"","meta":{"site-sidebar-layout":"default","site-content-layout":"","ast-site-content-layout":"default","site-content-style":"default","site-sidebar-style":"default","ast-global-header-display":"","ast-banner-title-visibility":"","ast-main-header-display":"","ast-hfb-above-header-display":"","ast-hfb-below-header-display":"","ast-hfb-mobile-header-display":"","site-post-title":"","ast-breadcrumbs-content":"","ast-featured-img":"","footer-sml-layout":"","theme-transparent-header-meta":"default","adv-header-id-meta":"","stick-header-meta":"","header-above-stick-meta":"","header-main-stick-meta":"","header-below-stick-meta":"","astra-migrate-meta-layouts":"set","ast-page-background-enabled":"default","ast-page-background-meta":{"desktop":{"background-color":"var(--ast-global-color-4)","background-image":"","background-repeat":"repeat","background-position":"center center","background-size":"auto","background-attachment":"scroll","background-type":"","background-media":"","overlay-type":"","overlay-color":"","overlay-opacity":"","overlay-gradient":""},"tablet":{"background-color":"","background-image":"","background-repeat":"repeat","background-position":"center center","background-size":"auto","background-attachment":"scroll","background-type":"","background-media":"","overlay-type":"","overlay-color":"","overlay-opacity":"","overlay-gradient":""},"mobile":{"background-color":"","background-image":"","background-repeat":"repeat","background-position":"center center","background-size":"auto","background-attachment":"scroll","background-type":"","background-media":"","overlay-type":"","overlay-color":"","overlay-opacity":"","overlay-gradient":""}},"ast-content-background-meta":{"desktop":{"background-color":"var(--ast-global-color-5)","background-image":"","background-repeat":"repeat","background-position":"center center","background-size":"auto","background-attachment":"scroll","background-type":"","background-media":"","overlay-type":"","overlay-color":"","overlay-opacity":"","overlay-gradient":""},"tablet":{"background-color":"var(--ast-global-color-5)","background-image":"","background-repeat":"repeat","background-position":"center center","background-size":"auto","background-attachment":"scroll","background-type":"","background-media":"","overlay-type":"","overlay-color":"","overlay-opacity":"","overlay-gradient":""},"mobile":{"background-color":"var(--ast-global-color-5)","background-image":"","background-repeat":"repeat","background-position":"center center","background-size":"auto","background-attachment":"scroll","background-type":"","background-media":"","overlay-type":"","overlay-color":"","overlay-opacity":"","overlay-gradient":""}}},"product_brand":[],"product_cat":[62,17],"product_tag":[],"class_list":{"0":"post-1228","1":"product","2":"type-product","3":"status-publish","4":"has-post-thumbnail","6":"product_cat-muky","7":"product_cat-prirodzene-bezglutenove-muky","8":"desktop-align-left","9":"tablet-align-left","10":"mobile-align-left","12":"first","13":"onbackorder","14":"taxable","15":"shipping-taxable","16":"purchasable","17":"product-type-simple"},"jetpack_sharing_enabled":true,"_links":{"self":[{"href":"https:\/\/novalim.net\/eshop\/wp-json\/wp\/v2\/product\/1228","targetHints":{"allow":["GET"]}}],"collection":[{"href":"https:\/\/novalim.net\/eshop\/wp-json\/wp\/v2\/product"}],"about":[{"href":"https:\/\/novalim.net\/eshop\/wp-json\/wp\/v2\/types\/product"}],"replies":[{"embeddable":true,"href":"https:\/\/novalim.net\/eshop\/wp-json\/wp\/v2\/comments?post=1228"}],"wp:featuredmedia":[{"embeddable":true,"href":"https:\/\/novalim.net\/eshop\/wp-json\/wp\/v2\/media\/11477"}],"wp:attachment":[{"href":"https:\/\/novalim.net\/eshop\/wp-json\/wp\/v2\/media?parent=1228"}],"wp:term":[{"taxonomy":"product_brand","embeddable":true,"href":"https:\/\/novalim.net\/eshop\/wp-json\/wp\/v2\/product_brand?post=1228"},{"taxonomy":"product_cat","embeddable":true,"href":"https:\/\/novalim.net\/eshop\/wp-json\/wp\/v2\/product_cat?post=1228"},{"taxonomy":"product_tag","embeddable":true,"href":"https:\/\/novalim.net\/eshop\/wp-json\/wp\/v2\/product_tag?post=1228"}],"curies":[{"name":"wp","href":"https:\/\/api.w.org\/{rel}","templated":true}]}}