{"id":11511,"date":"2025-02-13T13:28:59","date_gmt":"2025-02-13T11:28:59","guid":{"rendered":"https:\/\/novalim.net\/eshop\/?post_type=product&#038;p=11511"},"modified":"2025-12-16T17:29:03","modified_gmt":"2025-12-16T15:29:03","slug":"cierny-chlieb","status":"publish","type":"product","link":"https:\/\/novalim.net\/eshop\/obchod\/bezglutenovy-chlieb-pecivo\/cierny-chlieb\/","title":{"rendered":"\u010cierny chlieb"},"content":{"rendered":"<p>Bezglut\u00e9nov\u00fd chlieb \u010dierny z jednomlet\u00fdch celozrnn\u00fdch m\u00fak a \u0161rotov s vysok\u00fdm obsahom vl\u00e1kniny a zn\u00ed\u017een\u00fdm obsahom sacharidov (GI m\u00fak 37). Tento chlieb je vyroben\u00fd z prirodzene bezlepkov\u00fdch a bezp\u0161eni\u010dn\u00fdch surov\u00edn a je ur\u010den\u00fd pre \u013eud\u00ed s nezn\u00e1\u0161anlivos\u0165ou lepku ale aj pre v\u0161etk\u00fdch, ktor\u00ed h\u013eadaj\u00fa zdrav\u0161iu alternat\u00edvu klasick\u00e9ho chleba.<br \/>\nBalen\u00fd v ochrannej atmosf\u00e9re.<br \/>\nTrvanlivos\u0165: 30 dn\u00ed<br \/>\nHmotnos\u0165: 320 g<br \/>\nBalen\u00e9 v ochrannej atmosf\u00e9re.<br \/>\nZlo\u017eenie: voda, quinoa-m\u00faka, poh\u00e1nkov\u00e1 m\u00faka, \u013eanovy\u0301 \u0161rot tmavy\u0301, rastlinn\u00e1 vl\u00e1knina psyllium, kypridl\u00e1 s v\u00ednnym kame\u0148om (kypriaca l\u00e1tka: hydrog\u00e9nv\u00ednan draselny\u0301, hydrog\u00e9nuhli\u010ditan sodny\u0301), so\u013e jedl\u00e1, dro\u017edie, fermentovany\u0301 cukor, chlebov\u00e9 korenie.<br \/>\nM\u00f4\u017ee obsahova\u0165 stopy mlieka, s\u00f3je, vl\u010dieho b\u00f4bu.<br \/>\n(glut\u00e9n &lt; 20 mg \/ kg)<br \/>\n100 g v\u00fdrobku priemerne obsahuje:<br \/>\nEnergetick\u00e1 hodnota: 761 kJ, 182 kcal; Tuky: 6,0 g z toho 0,44 g nas\u00fdten\u00e9 mastn\u00e9 kyseliny; Sacharidy: 21,9 g z toho 1,0 g cukry; Vl\u00e1knina: 6,8 g; Bielkoviny: 6,7 g; So\u013e: 1,2 g;<\/p>\n","protected":false},"excerpt":{"rendered":"<p>Bezglut\u00e9nov\u00fd chlieb \u010dierny z jednomlet\u00fdch celozrnn\u00fdch m\u00fak a \u0161rotov s vysok\u00fdm obsahom vl\u00e1kniny a zn\u00ed\u017een\u00fdm obsahom sacharidov (GI m\u00fak 37). Tento chlieb je vyroben\u00fd z prirodzene bezlepkov\u00fdch a bezp\u0161eni\u010dn\u00fdch surov\u00edn a je ur\u010den\u00fd pre \u013eud\u00ed s nezn\u00e1\u0161anlivos\u0165ou lepku ale aj pre v\u0161etk\u00fdch, ktor\u00ed h\u013eadaj\u00fa zdrav\u0161iu alternat\u00edvu klasick\u00e9ho chleba.<\/p>\n","protected":false},"featured_media":11512,"comment_status":"closed","ping_status":"closed","template":"","meta":{"site-sidebar-layout":"default","site-content-layout":"","ast-site-content-layout":"default","site-content-style":"default","site-sidebar-style":"default","ast-global-header-display":"","ast-banner-title-visibility":"","ast-main-header-display":"","ast-hfb-above-header-display":"","ast-hfb-below-header-display":"","ast-hfb-mobile-header-display":"","site-post-title":"","ast-breadcrumbs-content":"","ast-featured-img":"","footer-sml-layout":"","theme-transparent-header-meta":"default","adv-header-id-meta":"","stick-header-meta":"","header-above-stick-meta":"","header-main-stick-meta":"","header-below-stick-meta":"","astra-migrate-meta-layouts":"set","ast-page-background-enabled":"default","ast-page-background-meta":{"desktop":{"background-color":"var(--ast-global-color-4)","background-image":"","background-repeat":"repeat","background-position":"center center","background-size":"auto","background-attachment":"scroll","background-type":"","background-media":"","overlay-type":"","overlay-color":"","overlay-opacity":"","overlay-gradient":""},"tablet":{"background-color":"","background-image":"","background-repeat":"repeat","background-position":"center center","background-size":"auto","background-attachment":"scroll","background-type":"","background-media":"","overlay-type":"","overlay-color":"","overlay-opacity":"","overlay-gradient":""},"mobile":{"background-color":"","background-image":"","background-repeat":"repeat","background-position":"center center","background-size":"auto","background-attachment":"scroll","background-type":"","background-media":"","overlay-type":"","overlay-color":"","overlay-opacity":"","overlay-gradient":""}},"ast-content-background-meta":{"desktop":{"background-color":"var(--ast-global-color-5)","background-image":"","background-repeat":"repeat","background-position":"center center","background-size":"auto","background-attachment":"scroll","background-type":"","background-media":"","overlay-type":"","overlay-color":"","overlay-opacity":"","overlay-gradient":""},"tablet":{"background-color":"var(--ast-global-color-5)","background-image":"","background-repeat":"repeat","background-position":"center center","background-size":"auto","background-attachment":"scroll","background-type":"","background-media":"","overlay-type":"","overlay-color":"","overlay-opacity":"","overlay-gradient":""},"mobile":{"background-color":"var(--ast-global-color-5)","background-image":"","background-repeat":"repeat","background-position":"center center","background-size":"auto","background-attachment":"scroll","background-type":"","background-media":"","overlay-type":"","overlay-color":"","overlay-opacity":"","overlay-gradient":""}}},"product_brand":[],"product_cat":[70],"product_tag":[],"class_list":{"0":"post-11511","1":"product","2":"type-product","3":"status-publish","4":"has-post-thumbnail","6":"product_cat-bezglutenovy-chlieb-pecivo","7":"desktop-align-left","8":"tablet-align-left","9":"mobile-align-left","11":"first","12":"instock","13":"taxable","14":"shipping-taxable","15":"purchasable","16":"product-type-simple"},"jetpack_sharing_enabled":true,"_links":{"self":[{"href":"https:\/\/novalim.net\/eshop\/wp-json\/wp\/v2\/product\/11511","targetHints":{"allow":["GET"]}}],"collection":[{"href":"https:\/\/novalim.net\/eshop\/wp-json\/wp\/v2\/product"}],"about":[{"href":"https:\/\/novalim.net\/eshop\/wp-json\/wp\/v2\/types\/product"}],"replies":[{"embeddable":true,"href":"https:\/\/novalim.net\/eshop\/wp-json\/wp\/v2\/comments?post=11511"}],"wp:featuredmedia":[{"embeddable":true,"href":"https:\/\/novalim.net\/eshop\/wp-json\/wp\/v2\/media\/11512"}],"wp:attachment":[{"href":"https:\/\/novalim.net\/eshop\/wp-json\/wp\/v2\/media?parent=11511"}],"wp:term":[{"taxonomy":"product_brand","embeddable":true,"href":"https:\/\/novalim.net\/eshop\/wp-json\/wp\/v2\/product_brand?post=11511"},{"taxonomy":"product_cat","embeddable":true,"href":"https:\/\/novalim.net\/eshop\/wp-json\/wp\/v2\/product_cat?post=11511"},{"taxonomy":"product_tag","embeddable":true,"href":"https:\/\/novalim.net\/eshop\/wp-json\/wp\/v2\/product_tag?post=11511"}],"curies":[{"name":"wp","href":"https:\/\/api.w.org\/{rel}","templated":true}]}}