{"id":11078,"date":"2023-02-08T13:14:25","date_gmt":"2023-02-08T11:14:25","guid":{"rendered":"https:\/\/novalim.net\/eshop1\/?post_type=product&#038;p=11078"},"modified":"2026-04-24T21:49:39","modified_gmt":"2026-04-24T19:49:39","slug":"lokse-bezglutenove-v-prasku","status":"publish","type":"product","link":"https:\/\/novalim.net\/eshop\/obchod\/bezglutenove-polotovary-polotovar\/lokse-bezglutenove-v-prasku\/","title":{"rendered":"LOK\u0160E bezglut\u00e9nov\u00e9 v pr\u00e1\u0161ku"},"content":{"rendered":"<p><strong>LOK\u0160E bezglut\u00e9nov\u00e9 v pr\u00e1\u0161ku &#8211;<\/strong> T\u00e1to bezglut\u00e9nov\u00e1 zmes je ur\u010den\u00e1 na pr\u00edpravu tradi\u010dn\u00fdch zemiakov\u00fdch lok\u0161\u00ed, ktor\u00e9 s\u00fa po ochuten\u00ed vhodn\u00e9 na priamu spotrebu, alebo ako pr\u00edloha k m\u00e4sit\u00fdm jedl\u00e1m.<\/p>\n<p><strong>Pr\u00edprava: <\/strong><\/p>\n<p>Obsah vrecka zmie\u0161ame s 3,5 dl vla\u017enej vody a vypracujeme cesto. Nech\u00e1me prikryt\u00e9 odpo\u010d\u00edva\u0165 10 min\u00fat. Cesto rozdel\u00edme na 8 &#8211; 10 rovnak\u00fdch dielov, vytvarujeme \u017eemli\u010dky a na pom\u00fa\u010denej doske ich rozva\u013ek\u00e1me na kruhov\u00e9 pl\u00e1ty s priemerom asi 24 cm. Rozohriatu panvicu z\u013eahka potrieme olejom a na strednom ohni pe\u010dieme z oboch str\u00e1n do zlatohneda, k\u00fdm sa vytvoria bubliny.<br \/>\nHotov\u00e9 potrieme mas\u0165ou alebo napln\u00edme sladkou\/slanou plnkou a zrolujeme.<\/p>\n<p><strong>Inform\u00e1cie o v\u00fdrobku:<\/strong><\/p>\n<p><strong>Zlo\u017eenie:<\/strong> kukuri\u010dn\u00fd \u0161krob, zemiakov\u00fd \u0161krob, zemiakov\u00e1 m\u00faka, ry\u017eov\u00e1 m\u00faka, bielkovinov\u00fd koncentr\u00e1t z vl\u010dieho b\u00f4bu, hroznov\u00fd cukor, so\u013e jedl\u00e1, <strong>zahus\u0165ovadl\u00e1:<\/strong> gu\u00e1rov\u00e1 m\u00faka, hydroxypropylmetylcelul\u00f3za; rastlinn\u00e1 vl\u00e1knina psyllium, <strong>emulg\u00e1tor:<\/strong> stearoyl-2-laktyl\u00e1t sodn\u00fd.<\/p>\n<p>100 g v\u00fdrobku priemerne obsahuje:<br \/>\n<strong>Energetick\u00e1 hodnota:<\/strong> 1524 kJ, 364 kcal; <strong>Tuky:<\/strong> 0,8 g z toho 0,04 g nas\u00fdten\u00e9 mastn\u00e9 kyseliny; <strong>Sacharidy:<\/strong> 85 g z toho 2,4 g cukry; <strong>Vl\u00e1knina:<\/strong> 5,1 g; <strong>Bielkoviny:<\/strong> 4,3 g; <strong>So\u013e:<\/strong> 1,6 g<br \/>\n* Percento refen\u010dn\u00e9ho pr\u00edjmu priemern\u00e9ho dospel\u00e9ho (8400 kJ\/ 2000 kcal)<br \/>\nGluten &lt; 20 mg\/kg<\/p>\n<p>Hmotnos\u0165 balenia: 300 g<\/p>\n","protected":false},"excerpt":{"rendered":"<p>LOK\u0160E bezglut\u00e9nov\u00e9 v pr\u00e1\u0161ku &#8211; T\u00e1to bezglut\u00e9nov\u00e1 zmes je ur\u010den\u00e1 na pr\u00edpravu tradi\u010dn\u00fdch zemiakov\u00fdch lok\u0161\u00ed, ktor\u00e9 s\u00fa po ochuten\u00ed vhodn\u00e9 [&hellip;]<\/p>\n","protected":false},"featured_media":11082,"comment_status":"open","ping_status":"closed","template":"","meta":{"site-sidebar-layout":"default","site-content-layout":"","ast-site-content-layout":"","site-content-style":"default","site-sidebar-style":"default","ast-global-header-display":"","ast-banner-title-visibility":"","ast-main-header-display":"","ast-hfb-above-header-display":"","ast-hfb-below-header-display":"","ast-hfb-mobile-header-display":"","site-post-title":"","ast-breadcrumbs-content":"","ast-featured-img":"","footer-sml-layout":"","theme-transparent-header-meta":"","adv-header-id-meta":"","stick-header-meta":"","header-above-stick-meta":"","header-main-stick-meta":"","header-below-stick-meta":"","astra-migrate-meta-layouts":"default","ast-page-background-enabled":"default","ast-page-background-meta":{"desktop":{"background-color":"var(--ast-global-color-4)","background-image":"","background-repeat":"repeat","background-position":"center center","background-size":"auto","background-attachment":"scroll","background-type":"","background-media":"","overlay-type":"","overlay-color":"","overlay-opacity":"","overlay-gradient":""},"tablet":{"background-color":"","background-image":"","background-repeat":"repeat","background-position":"center center","background-size":"auto","background-attachment":"scroll","background-type":"","background-media":"","overlay-type":"","overlay-color":"","overlay-opacity":"","overlay-gradient":""},"mobile":{"background-color":"","background-image":"","background-repeat":"repeat","background-position":"center center","background-size":"auto","background-attachment":"scroll","background-type":"","background-media":"","overlay-type":"","overlay-color":"","overlay-opacity":"","overlay-gradient":""}},"ast-content-background-meta":{"desktop":{"background-color":"var(--ast-global-color-5)","background-image":"","background-repeat":"repeat","background-position":"center center","background-size":"auto","background-attachment":"scroll","background-type":"","background-media":"","overlay-type":"","overlay-color":"","overlay-opacity":"","overlay-gradient":""},"tablet":{"background-color":"var(--ast-global-color-5)","background-image":"","background-repeat":"repeat","background-position":"center center","background-size":"auto","background-attachment":"scroll","background-type":"","background-media":"","overlay-type":"","overlay-color":"","overlay-opacity":"","overlay-gradient":""},"mobile":{"background-color":"var(--ast-global-color-5)","background-image":"","background-repeat":"repeat","background-position":"center center","background-size":"auto","background-attachment":"scroll","background-type":"","background-media":"","overlay-type":"","overlay-color":"","overlay-opacity":"","overlay-gradient":""}}},"product_brand":[],"product_cat":[228],"product_tag":[],"class_list":{"0":"post-11078","1":"product","2":"type-product","3":"status-publish","4":"has-post-thumbnail","6":"product_cat-bezglutenove-polotovary-polotovar","7":"desktop-align-left","8":"tablet-align-left","9":"mobile-align-left","11":"first","12":"instock","13":"taxable","14":"shipping-taxable","15":"purchasable","16":"product-type-simple"},"jetpack_sharing_enabled":true,"_links":{"self":[{"href":"https:\/\/novalim.net\/eshop\/wp-json\/wp\/v2\/product\/11078","targetHints":{"allow":["GET"]}}],"collection":[{"href":"https:\/\/novalim.net\/eshop\/wp-json\/wp\/v2\/product"}],"about":[{"href":"https:\/\/novalim.net\/eshop\/wp-json\/wp\/v2\/types\/product"}],"replies":[{"embeddable":true,"href":"https:\/\/novalim.net\/eshop\/wp-json\/wp\/v2\/comments?post=11078"}],"wp:featuredmedia":[{"embeddable":true,"href":"https:\/\/novalim.net\/eshop\/wp-json\/wp\/v2\/media\/11082"}],"wp:attachment":[{"href":"https:\/\/novalim.net\/eshop\/wp-json\/wp\/v2\/media?parent=11078"}],"wp:term":[{"taxonomy":"product_brand","embeddable":true,"href":"https:\/\/novalim.net\/eshop\/wp-json\/wp\/v2\/product_brand?post=11078"},{"taxonomy":"product_cat","embeddable":true,"href":"https:\/\/novalim.net\/eshop\/wp-json\/wp\/v2\/product_cat?post=11078"},{"taxonomy":"product_tag","embeddable":true,"href":"https:\/\/novalim.net\/eshop\/wp-json\/wp\/v2\/product_tag?post=11078"}],"curies":[{"name":"wp","href":"https:\/\/api.w.org\/{rel}","templated":true}]}}