{"id":1313,"date":"2016-05-06T17:09:45","date_gmt":"2016-05-06T15:09:45","guid":{"rendered":"http:\/\/novalim.net\/?page_id=1313"},"modified":"2018-05-25T12:14:32","modified_gmt":"2018-05-25T10:14:32","slug":"ochrana-osobnych-udajov","status":"publish","type":"page","link":"https:\/\/novalim.net\/eshop\/ochrana-osobnych-udajov\/","title":{"rendered":"Ochrana osobn\u00fdch \u00fadajov"},"content":{"rendered":"<p><strong>Inform\u00e1cie o sprac\u00favan\u00ed osobn\u00fdch \u00fadajov<\/strong><br \/>\nV s\u00favislosti s nariaden\u00edm eur\u00f3pskeho parlamentu a rady (E\u00da) 2016\/679 z 27. apr\u00edla 2016 o ochrane fyzick\u00fdch os\u00f4b pri sprac\u00favan\u00ed osobn\u00fdch \u00fadajov a o vo\u013enom pohybe tak\u00fdchto \u00fadajov, ktor\u00fdm sa zru\u0161uje smernica 95\/46\/ES (v\u0161eobecn\u00e9 nariadenie o ochrane \u00fadajov) a z\u00e1konom \u010d. 18\/2018 Z. z o ochrane osobn\u00fdch \u00fadajov si pln\u00edme informa\u010dn\u00fa povinnos\u0165 v s\u00favislosti so sprac\u00favan\u00edm Va\u0161ich osobn\u00fdch \u00fadajov.<\/p>\n<p>Pros\u00edm, pre\u010d\u00edtajte si nasleduj\u00face inform\u00e1cie, ako sprac\u00favame Va\u0161e osobn\u00e9 \u00fadaje.<\/p>\n<p><strong>Kto je prev\u00e1dzkovate\u013eom Va\u0161ich osobn\u00fdch \u00fadajov?<\/strong><\/p>\n<p>Prev\u00e1dzkovate\u013eom Va\u0161ich osobn\u00fdch \u00fadajov je spolo\u010dnos\u0165 NOVALIM, spol. s r. o. so s\u00eddlom \u010c\u00e1rskeho 3466\/1, 841 04 Bratislava, I\u010cO: 30 775 230, zap\u00edsan\u00e1 v obchodnom registri Okresn\u00e9ho s\u00fadu Bratislava I, oddiel: Sro, vlo\u017eka \u010d\u00edslo: 1950\/B.<\/p>\n<p><strong>Na ak\u00e9 \u00fa\u010dely sprac\u00favame Va\u0161e osobn\u00e9 \u00fadaje a ak\u00fd je pr\u00e1vny z\u00e1klad ich sprac\u00favania?<\/strong><\/p>\n<p>Sprac\u00favanie na z\u00e1klade zmluvy a predzmluvn\u00fdch vz\u0165ahov:<br \/>\nVa\u0161e osobn\u00e9 \u00fadaje sprac\u00favame v s\u00favislosti s dod\u00e1vkou na\u0161ich produktov a sme opr\u00e1vnen\u00ed sprac\u00fava\u0165 ich na \u00fa\u010dely spracovania objedn\u00e1vky a dod\u00e1vky tovaru bez V\u00e1\u0161ho s\u00fahlasu na z\u00e1klade predzmluvn\u00fdch a zmluvn\u00fdch vz\u0165ahov.<\/p>\n<p>Osobn\u00e9 \u00fadaje z\u00edskan\u00e9 od V\u00e1s vyplnen\u00edm kontaktn\u00e9ho formul\u00e1ra s\u00fa na \u00fa\u010dely predzmluvn\u00fdch vz\u0165ahov (napr. \u017eiados\u0165 o cenov\u00fa ponuku, \u017eiados\u0165 o bli\u017e\u0161iu \u0161pecifik\u00e1ciu poskytovan\u00fdch slu\u017eieb) a sme opr\u00e1vnen\u00ed sprac\u00fava\u0165 ich bez V\u00e1\u0161ho s\u00fahlasu.<\/p>\n<p><strong>Sprac\u00favanie na z\u00e1klade s\u00fahlasu:<\/strong><br \/>\nVa\u0161e osobn\u00e9 \u00fadaje m\u00f4\u017eeme sprac\u00fava\u0165 len s Va\u0161\u00edm s\u00fahlasom na \u00fa\u010dely zasielania bezplatn\u00e9ho newslettera spolo\u010dnosti, prostredn\u00edctvom ktor\u00e9ho V\u00e1s m\u00f4\u017eeme informova\u0165 o na\u0161ich novink\u00e1ch a nov\u00fdch produktoch.<\/p>\n<p>Registr\u00e1cia pre partnerov na webe na \u00fa\u010dely vytvorenia V\u00e1\u0161ho z\u00e1kazn\u00edckeho konta je mo\u017en\u00e1 len s Va\u0161im s\u00fahlasom, pri\u010dom registr\u00e1ciu m\u00e1te pr\u00e1vo kedyko\u013evek zru\u0161i\u0165 a Va\u0161e osobn\u00e9 \u00fadaje bud\u00fa zo syst\u00e9mu vymazan\u00e9. Osobn\u00e9 \u00fadaje z\u00edskan\u00e9 vyplnen\u00edm registra\u010dn\u00e9ho formul\u00e1ra bud\u00fa sprac\u00favan\u00e9 na \u00fa\u010dely<\/p>\n<p>Podobne ako in\u00e9 webov\u00e9 str\u00e1nky zhroma\u017e\u010fujeme inform\u00e1cie, aby sme zv\u00fd\u0161ili va\u0161u n\u00e1v\u0161tevu a poskytli viac individualizovan\u00e9ho obsahu. Re\u0161pektujeme va\u0161e s\u00fakromie a svoje inform\u00e1cie neposkytujeme nikomu, s v\u00fdnimkou pr\u00edpadov, ke\u010f sa to uk\u00e1\u017ee ako nevyhnutn\u00e9.<\/p>\n<p>S\u00fahrnn\u00e9 inform\u00e1cie a inform\u00e1cie, ktor\u00e9 v\u00e1s osobne neidentifikuj\u00fa, sa m\u00f4\u017eu pou\u017ei\u0165 mnoh\u00fdmi sp\u00f4sobmi. Napr\u00edklad spolo\u010dnos\u0165 Novalim m\u00f4\u017ee kombinova\u0165 inform\u00e1cie o va\u0161ich modeloch pou\u017e\u00edvania na webov\u00fdch str\u00e1nkach s podobn\u00fdmi inform\u00e1ciami z\u00edskan\u00fdmi od in\u00fdch pou\u017e\u00edvate\u013eov s cie\u013eom pom\u00f4c\u0165 vylep\u0161i\u0165 na\u0161u str\u00e1nku a slu\u017eby (napr. Zisti\u0165, ktor\u00e9 str\u00e1nky s\u00fa nav\u0161t\u00edven\u00e9 najviac alebo ak\u00e9 funkcie pova\u017euj\u00fa pou\u017e\u00edvatelia za najatrakt\u00edvnej\u0161ie). Tieto inform\u00e1cie neobsahuj\u00fa \u017eiadne inform\u00e1cie o v\u00e1s a nikomu neumo\u017e\u0148uj\u00fa identifikova\u0165 v\u00e1s individu\u00e1lne. M\u00f4\u017eeme pou\u017e\u00edva\u0165 osobn\u00e9 \u00fadaje zozbieran\u00e9 na webov\u00fdch str\u00e1nkach s cie\u013eom komunikova\u0165 s vami o va\u0161ich predvo\u013eb\u00e1ch registr\u00e1cie a prisp\u00f4sobenia; na\u0161e Zmluvn\u00e9 podmienky a Pravidl\u00e1 ochrany osobn\u00fdch \u00fadajov; slu\u017eby a produkty pon\u00fakan\u00e9 alebo prostredn\u00edctvom webovej str\u00e1nky; a \u010fal\u0161ie t\u00e9my, o ktor\u00fdch sa domnievame, \u017ee by v\u00e1s mohli zauj\u00edma\u0165. Osobne identifikovate\u013en\u00e9 inform\u00e1cie, ktor\u00e9 spolo\u010dnos\u0165 Novalim z\u00edskala, m\u00f4\u017eu by\u0165 pou\u017eit\u00e9 aj na in\u00e9 \u00fa\u010dely, vr\u00e1tane, ale nie v\u00fdlu\u010dne, spr\u00e1vy webov\u00fdch str\u00e1nok, odstra\u0148ovanie probl\u00e9mov, spracovanie transakci\u00ed elektronick\u00e9ho obchodu a \u010fal\u0161ia komunik\u00e1cia s vami.<\/p>\n<p>M\u00f4\u017eeme pou\u017ei\u0165 osobn\u00e9 \u00fadaje, ktor\u00e9 od v\u00e1s zhroma\u017e\u010fujeme, ako s\u00fa vek, pohlavie, z\u00e1ujmy, aktivity at\u010f., Aby sme lep\u0161ie pochopili va\u0161e spr\u00e1vanie a poskytli v\u00e1m najrelevantnej\u0161\u00ed obsah a reklamy. Tieto inform\u00e1cie pou\u017e\u00edvame na to, aby sme v\u00e1m poskytli viac relevantn\u00fdch rekl\u00e1m, proces, ktor\u00fd je tie\u017e zn\u00e1my ako remarketing.<\/p>\n<p>M\u00f4\u017eete napr\u00edklad vidie\u0165 ur\u010dit\u00e9 reklamy na tejto webovej str\u00e1nke alebo na in\u00fdch webov\u00fdch str\u00e1nkach v d\u00f4sledku skuto\u010dnosti, \u017ee sme zmluvne dohodli so spolo\u010dnos\u0165ou Google a in\u00fdmi podobn\u00fdmi tret\u00edmi stranami, aby sme zacielili na\u0161e reklamy na z\u00e1klade inform\u00e1ci\u00ed, ktor\u00e9 sme zhroma\u017edili, vr\u00e1tane, ale nie iba automatizovan\u00fdmi prostriedkami , napr\u00edklad cookies.<\/p>\n<p>Odstr\u00e1nenie automatizovan\u00e9ho zhroma\u017e\u010fovania inform\u00e1ci\u00ed m\u00f4\u017eete zru\u0161i\u0165 zmenou predvolieb na adrese http:\/\/www.google.com\/settings\/ads.<br \/>\nS\u00fahlas so sprac\u00favan\u00edm osobn\u00fdch \u00fadajov m\u00e1te pr\u00e1vo kedyko\u013evek odvola\u0165 kliknut\u00edm na odhlasovaciu linku priamo v zaslanom e-maili v newsletteri (disclaimer), alebo poslan\u00edm po\u017eiadavky na e-mail: novalim@novalim.sk.<\/p>\n<p><strong>Ak\u00e9 subjekty maj\u00fa pr\u00edstup k Va\u0161im osobn\u00fdm \u00fadajom?<\/strong><\/p>\n<p>Vyu\u017e\u00edvame slu\u017eby extern\u00fdch sprostredkovate\u013eov a tret\u00edch str\u00e1n, napr\u00edklad na sprac\u00favanie miezd na\u0161ich zamestnancov, vedenie \u00fa\u010dtovn\u00edctva, zabezpe\u010denie spr\u00e1vy dom\u00e9n a webov\u00fdch str\u00e1nok, IT slu\u017eby (toto s\u00fa len pr\u00edklady, doplni\u0165 pod\u013ea va\u0161ich re\u00e1lnych podmienok). Pri v\u0161etk\u00fdch dod\u00e1vate\u013eoch db\u00e1me o to, aby postupovali v s\u00falade s platn\u00fdmi z\u00e1konmi, boli viazan\u00ed ml\u010danlivos\u0165ou a va\u0161e \u00fadaje sprac\u00favali v\u00fdlu\u010dne v rozsahu uzatvoren\u00fdch zml\u00fav a primerane ich chr\u00e1nili v s\u00falade s po\u017eiadavkami GDPR a medzin\u00e1rodn\u00fdch \u0161tandardov.<\/p>\n<p><strong>Ak\u00fa dlh\u00fa dobu budeme uchov\u00e1va\u0165 Va\u0161e osobn\u00e9 \u00fadaje?<\/strong><\/p>\n<p>Va\u0161e osobn\u00e9 \u00fadaje budeme uchov\u00e1va\u0165 po\u010das trvania zmluvy a po\u010das z\u00e1konmi stanovenej doby na ich archiv\u00e1ciu alebo na dobu nevyhnutn\u00fa na dosiahnutie \u00fa\u010delu.<\/p>\n<p>Osobn\u00e9 \u00fadaje z\u00edskan\u00e9 vyplnen\u00edm kontaktn\u00e9ho formul\u00e1ra na \u00fa\u010dely predzmluvn\u00fdch vz\u0165ahov sa sprac\u00favaj\u00fa v\u00fdhradne po dobu 1 roka a ak ned\u00f4jde k uzatvoreniu zmluvy, \u00fadaje bud\u00fa zo syst\u00e9mu vymazan\u00e9.<\/p>\n<p>Osobn\u00e9 \u00fadaje z\u00edskan\u00e9 s Va\u0161im s\u00fahlasom (na odber newslettera) sme opr\u00e1vnen\u00ed sprac\u00fava\u0165 na tento \u00fa\u010del do odvolania s\u00fahlasu.<\/p>\n<p><strong>Ak\u00e9 m\u00e1te pr\u00e1va v s\u00favislosti so sprac\u00favan\u00edm Va\u0161ich osobn\u00fdch \u00fadajov?<\/strong><\/p>\n<p>Pr\u00e1vo na pr\u00edstup k osobn\u00fdm \u00fadajom:<br \/>\nPrev\u00e1dzkovate\u013e je povinn\u00fd poskytn\u00fa\u0165 dotknutej osobe (osobe, ktorej osobn\u00e9 \u00fadaje sprac\u00fava) potvrdenie o tom, \u017ee sprac\u00fava osobn\u00e9 \u00fadaje, ktor\u00e9 sa jej t\u00fdkaj\u00fa, pri\u010dom dotknut\u00e1 osoba m\u00e1 pr\u00e1vo z\u00edska\u0165 pr\u00edstup k jej osobn\u00fdm \u00fadajom v rozsahu pod\u013ea \u010dl\u00e1nku 15 GDPR.<\/p>\n<p><strong>Pr\u00e1vo na opravu osobn\u00fdch \u00fadajov:<\/strong><br \/>\nDotknut\u00e9 osoby maj\u00fa pr\u00e1vo na opravu svojich osobn\u00fdch \u00fadajov, ak s\u00fa nepresn\u00e9 alebo ne\u00fapln\u00e9. Prev\u00e1dzkovate\u013e mus\u00ed \u017eiadosti o opravu osobn\u00fdch \u00fadajov vyhovie\u0165 bez zbyto\u010dn\u00e9ho odkladu.<\/p>\n<p><strong>Pr\u00e1vo na vymazanie (zabudnutie):<\/strong><br \/>\nPrev\u00e1dzkovate\u013e je povinn\u00fd bez zbyto\u010dn\u00e9ho odkladu vymaza\u0165 osobn\u00e9 \u00fadaje dotknutej osoby, ak:<br \/>\n\u2022 osobn\u00e9 \u00fadaje u\u017e nie s\u00fa potrebn\u00e9 na \u00fa\u010dely, na ktor\u00e9 sa z\u00edskavali alebo inak sprac\u00favali,<br \/>\n\u2022 dotknut\u00e1 osoba odvol\u00e1 s\u00fahlas, na z\u00e1klade ktor\u00e9ho sa sprac\u00favanie vykon\u00e1va,<br \/>\n\u2022 ak neexistuje in\u00fd pr\u00e1vny z\u00e1klad pre sprac\u00favanie osobn\u00fdch \u00fadajov,<br \/>\n\u2022 dotknut\u00e1 osoba namieta vo\u010di sprac\u00favaniu a nepreva\u017euj\u00fa \u017eiadne opr\u00e1vnen\u00e9 d\u00f4vody na sprac\u00favanie,<br \/>\n\u2022 dotknut\u00e1 osoba namieta vo\u010di sprac\u00favaniu a osobn\u00e9 \u00fadaje sa sprac\u00favali nez\u00e1konne,<br \/>\n\u2022 osobn\u00e9 \u00fadaje musia by\u0165 vymazan\u00e9, aby sa splnila z\u00e1konn\u00e1 povinnos\u0165 pod\u013ea pr\u00e1va \u00danie alebo pr\u00e1va \u010dlensk\u00e9ho \u0161t\u00e1tu, ktor\u00e9mu prev\u00e1dzkovate\u013e podlieha,<br \/>\n\u2022 osobn\u00e9 \u00fadaje sa z\u00edskavali v s\u00favislosti s ponukou slu\u017eieb informa\u010dnej spolo\u010dnosti.<\/p>\n<p><strong>\u017diados\u0165 o v\u00fdmaz m\u00f4\u017ee dotknut\u00e1 osoba poda\u0165 aj v pr\u00edpade, ak s\u00fa jej \u00fadaje nez\u00e1konne spracov\u00e1van\u00e9 a protipr\u00e1vne v s\u00favislosti s GDPR.<\/strong><\/p>\n<p>\u017diados\u0165 o vymazanie prev\u00e1dzkovate\u013e neuplat\u0148uje, pokia\u013e je sprac\u00favanie potrebn\u00e9:<br \/>\n\u2022 na uplatnenie pr\u00e1va na slobodu prejavu a na inform\u00e1cie,<br \/>\n\u2022 na splnenie z\u00e1konnej povinnosti,<br \/>\n\u2022 na splnenie \u00falohy realizovanej vo verejnom z\u00e1ujme,<br \/>\n\u2022 z d\u00f4vodov verejn\u00e9ho z\u00e1ujmu v oblasti verejn\u00e9ho zdravia,<br \/>\n\u2022 na \u00fa\u010dely archiv\u00e1cie vo verejnom z\u00e1ujme, na \u00fa\u010dely vedeck\u00e9ho alebo historick\u00e9ho v\u00fdskumu \u010di na \u0161tatistick\u00e9 \u00fa\u010dely,<br \/>\n\u2022 na preukazovanie, uplat\u0148ovanie alebo obhajovanie pr\u00e1vnych n\u00e1rokov.<\/p>\n<p><strong>Pr\u00e1vo na obmedzenie sprac\u00favania osobn\u00fdch \u00fadajov:<\/strong><br \/>\nDotknut\u00e1 osoba m\u00e1 pr\u00e1vo na to, aby prev\u00e1dzkovate\u013e obmedzil sprac\u00favanie jej osobn\u00fdch \u00fadajov, pokia\u013e ide o jeden z t\u00fdchto pr\u00edpadov:<br \/>\n\u2022 dotknut\u00e1 osoba napadne spr\u00e1vnos\u0165 osobn\u00fdch \u00fadajov, a to po\u010das obdobia umo\u017e\u0148uj\u00faceho prev\u00e1dzkovate\u013eovi overi\u0165 spr\u00e1vnos\u0165 osobn\u00fdch \u00fadajov,<br \/>\n\u2022 sprac\u00favanie je protiz\u00e1konn\u00e9 a dotknut\u00e1 osoba namieta proti vymazaniu osobn\u00fdch \u00fadajov a \u017eiada namiesto toho obmedzenie ich pou\u017eitia,<br \/>\n\u2022 prev\u00e1dzkovate\u013e u\u017e nepotrebuje osobn\u00e9 \u00fadaje na \u00fa\u010dely sprac\u00favania, ale potrebuje ich dotknut\u00e1 osoba na preuk\u00e1zanie, uplat\u0148ovanie alebo obhajovanie pr\u00e1vnych n\u00e1rokov,<br \/>\n\u2022 dotknut\u00e1 osoba namietala vo\u010di sprac\u00favaniu pod\u013ea \u010dl\u00e1nku 21 ods. 1, a to a\u017e do overenia, \u010di opr\u00e1vnen\u00e9 d\u00f4vody na strane prev\u00e1dzkovate\u013ea preva\u017euj\u00fa nad opr\u00e1vnen\u00fdmi d\u00f4vodmi dotknutej osoby.<\/p>\n<p><strong>Ak sa sprac\u00favanie obmedzilo, tak\u00e9to osobn\u00e9 \u00fadaje sa s v\u00fdnimkou uchov\u00e1vania sprac\u00favaj\u00fa:<\/strong><br \/>\n\u2022 len so s\u00fahlasom dotknutej osoby,<br \/>\n\u2022 na preukazovanie, uplat\u0148ovanie alebo obhajovanie pr\u00e1vnych n\u00e1rokov,<br \/>\n\u2022 na ochranu pr\u00e1v inej fyzickej alebo pr\u00e1vnickej osoby,<br \/>\n\u2022 z d\u00f4vodov d\u00f4le\u017eit\u00e9ho verejn\u00e9ho z\u00e1ujmu \u00danie alebo \u010dlensk\u00e9ho \u0161t\u00e1tu.<\/p>\n<p><strong>Pr\u00e1vo na prenos osobn\u00fdch \u00fadajov:<\/strong><br \/>\nDotknut\u00e1 osoba m\u00e1 pr\u00e1vo z\u00edska\u0165 svoje osobn\u00e9 \u00fadaje, ktor\u00e9 poskytla prev\u00e1dzkovate\u013eovi, a m\u00e1 pr\u00e1vo prenies\u0165 tieto \u00fadaje \u010fal\u0161iemu prev\u00e1dzkovate\u013eovi (napr. pri zmene poskytovate\u013ea ur\u010ditej slu\u017eby). Prev\u00e1dzkovate\u013e je na z\u00e1klade \u017eiadosti povinn\u00fd umo\u017eni\u0165 prenos \u00fadajov v \u0161trukt\u00farovanom, be\u017ene pou\u017e\u00edvanom a strojovo \u010ditate\u013enom form\u00e1te (napr. XML alebo CSV).<\/p>\n<p><strong>Na koho sa m\u00f4\u017eete obr\u00e1ti\u0165 v s\u00favislosti so sprac\u00favan\u00edm Va\u0161ich osobn\u00fdch \u00fadajov?<\/strong><\/p>\n<p>Na\u0161a spolo\u010dnos\u0165 nem\u00e1 vymenovan\u00fa zodpovedn\u00fa osobu na ochranu osobn\u00fdch \u00fadajov. Ak m\u00e1te ak\u00e9ko\u013evek ot\u00e1zky alebo podnety v s\u00favislosti so sprac\u00favan\u00edm Va\u0161ich osobn\u00fdch \u00fadajov, nap\u00ed\u0161te najsk\u00f4r n\u00e1m na: novalim@novalim.sk. M\u00e1te pr\u00e1vo poda\u0165 s\u0165a\u017enos\u0165 na \u00darad na ochranu osobn\u00fdch \u00fadajov, ak predpoklad\u00e1te, \u017ee do\u0161lo k poru\u0161eniu Va\u0161ich pr\u00e1v.<\/p>\n","protected":false},"excerpt":{"rendered":"<p>Inform\u00e1cie o sprac\u00favan\u00ed osobn\u00fdch \u00fadajov V s\u00favislosti s nariaden\u00edm eur\u00f3pskeho parlamentu a rady (E\u00da) 2016\/679 z 27. apr\u00edla 2016 o [&hellip;]<\/p>\n","protected":false},"author":3,"featured_media":0,"parent":0,"menu_order":0,"comment_status":"closed","ping_status":"closed","template":"","meta":{"site-sidebar-layout":"default","site-content-layout":"","ast-site-content-layout":"","site-content-style":"default","site-sidebar-style":"default","ast-global-header-display":"","ast-banner-title-visibility":"","ast-main-header-display":"","ast-hfb-above-header-display":"","ast-hfb-below-header-display":"","ast-hfb-mobile-header-display":"","site-post-title":"","ast-breadcrumbs-content":"","ast-featured-img":"","footer-sml-layout":"","theme-transparent-header-meta":"","adv-header-id-meta":"","stick-header-meta":"","header-above-stick-meta":"","header-main-stick-meta":"","header-below-stick-meta":"","astra-migrate-meta-layouts":"default","ast-page-background-enabled":"default","ast-page-background-meta":{"desktop":{"background-color":"var(--ast-global-color-4)","background-image":"","background-repeat":"repeat","background-position":"center center","background-size":"auto","background-attachment":"scroll","background-type":"","background-media":"","overlay-type":"","overlay-color":"","overlay-opacity":"","overlay-gradient":""},"tablet":{"background-color":"","background-image":"","background-repeat":"repeat","background-position":"center center","background-size":"auto","background-attachment":"scroll","background-type":"","background-media":"","overlay-type":"","overlay-color":"","overlay-opacity":"","overlay-gradient":""},"mobile":{"background-color":"","background-image":"","background-repeat":"repeat","background-position":"center center","background-size":"auto","background-attachment":"scroll","background-type":"","background-media":"","overlay-type":"","overlay-color":"","overlay-opacity":"","overlay-gradient":""}},"ast-content-background-meta":{"desktop":{"background-color":"var(--ast-global-color-5)","background-image":"","background-repeat":"repeat","background-position":"center center","background-size":"auto","background-attachment":"scroll","background-type":"","background-media":"","overlay-type":"","overlay-color":"","overlay-opacity":"","overlay-gradient":""},"tablet":{"background-color":"var(--ast-global-color-5)","background-image":"","background-repeat":"repeat","background-position":"center center","background-size":"auto","background-attachment":"scroll","background-type":"","background-media":"","overlay-type":"","overlay-color":"","overlay-opacity":"","overlay-gradient":""},"mobile":{"background-color":"var(--ast-global-color-5)","background-image":"","background-repeat":"repeat","background-position":"center center","background-size":"auto","background-attachment":"scroll","background-type":"","background-media":"","overlay-type":"","overlay-color":"","overlay-opacity":"","overlay-gradient":""}},"footnotes":""},"class_list":["post-1313","page","type-page","status-publish","hentry"],"jetpack_sharing_enabled":true,"_links":{"self":[{"href":"https:\/\/novalim.net\/eshop\/wp-json\/wp\/v2\/pages\/1313","targetHints":{"allow":["GET"]}}],"collection":[{"href":"https:\/\/novalim.net\/eshop\/wp-json\/wp\/v2\/pages"}],"about":[{"href":"https:\/\/novalim.net\/eshop\/wp-json\/wp\/v2\/types\/page"}],"author":[{"embeddable":true,"href":"https:\/\/novalim.net\/eshop\/wp-json\/wp\/v2\/users\/3"}],"replies":[{"embeddable":true,"href":"https:\/\/novalim.net\/eshop\/wp-json\/wp\/v2\/comments?post=1313"}],"version-history":[{"count":3,"href":"https:\/\/novalim.net\/eshop\/wp-json\/wp\/v2\/pages\/1313\/revisions"}],"predecessor-version":[{"id":6572,"href":"https:\/\/novalim.net\/eshop\/wp-json\/wp\/v2\/pages\/1313\/revisions\/6572"}],"wp:attachment":[{"href":"https:\/\/novalim.net\/eshop\/wp-json\/wp\/v2\/media?parent=1313"}],"curies":[{"name":"wp","href":"https:\/\/api.w.org\/{rel}","templated":true}]}}